{"id":88,"date":"2017-10-23T10:00:12","date_gmt":"2017-10-23T08:00:12","guid":{"rendered":"https:\/\/www.palermocityguides.com\/?page_id=88"},"modified":"2025-12-19T17:16:32","modified_gmt":"2025-12-19T16:16:32","slug":"itinerari-e-visite-guidati-a-palermo","status":"publish","type":"page","link":"https:\/\/www.palermocityguides.com\/it\/itinerari-e-visite-guidati-a-palermo\/","title":{"rendered":"Chi siamo"},"content":{"rendered":"\n<p>PalermoCityGuides: Maril\u00f9, Gino e Silvia. Offriamo itinerari guidati e visite guidate a siti a Palermo e dintorni basati sui principi del turismo sostenibile e responsabile. Il nostro obiettivo \u00e8 creare itinerari che rispettino l\u2019ambiente, valorizzino la cultura locale e supportino piccole attivit\u00e0.La nostra missione principale: suscitare emozioni autentiche. Con i nostri tour guidati a Palermo scoprirete una citt\u00e0 con una storia millenaria. Palermo \u00e8 stata modellata da numerose culture e sorprende per la sua straordinaria diversit\u00e0. Durante le nostre visite sostenibili entrerete in contatto con tracce dell\u2019antichit\u00e0, street art contemporanea, tradizioni religiose, cultura dolciaria e street food, mercati storici e artigianato locale. Con i nostri tour comprenderete davvero la ricchezza culturale della citt\u00e0. Durante i nostri tour guidati a Palermo non visiterete solo monumenti. Vogliamo farvi conoscere anche le persone che rendono viva la citt\u00e0 ogni giorno. Collaboriamo con piccoli produttori e artigiani locali, sempre con rispetto per il territorio e l\u2019ambiente. Scoprite le nostre proposte di tour guidati sostenibili a Palermo, ideali per chi ama cultura, autenticit\u00e0 e rispetto dell\u2019ambiente.<\/p>\n\n\n\n<p>Possiamo anche progettare insieme a voi tour personalizzati, costruiti sulle vostre esigenze e interessi. Terremo in considerazione:<\/p>\n\n\n\n<p>\u2022 preferenze personali<br>\u2022 necessit\u00e0 del gruppo<br>\u2022 tempo a disposizione<br>\u2022 desiderio di passeggiare all\u2019aria aperta<br>\u2022 siti che volete approfondire<\/p>\n\n\n\n<p>Contattateci via e-mail o telefono. Trovate anche <a href=\"https:\/\/www.palermocityguides.com\/it\/contatti-guide-turistiche-palermo\/\">qui<\/a> i nostri riferimenti.<\/p>\n\n\n\n<p><\/p>\n\n\n\n<div class=\"wp-block-group\"><div class=\"wp-block-group__inner-container is-layout-constrained wp-block-group-is-layout-constrained\">\n<p><\/p>\n<\/div><\/div>\n\n\n\n<p><\/p>\n\n\n\n<p><\/p>\n\n\n\n<p><\/p>\n\n\n\n<p><\/p>\n\n\n\n<hr class=\"wp-block-separator has-alpha-channel-opacity\"\/>\n\n\n\n<p><\/p>\n","protected":false},"excerpt":{"rendered":"<p>PalermoCityGuides: Maril\u00f9, Gino e Silvia. Offriamo itinerari guidati e visite guidate a siti a Palermo e dintorni basati sui principi del turismo sostenibile e responsabile. Il nostro obiettivo \u00e8 creare itinerari che rispettino l\u2019ambiente, valorizzino la cultura locale e supportino piccole attivit\u00e0.La nostra missione principale: suscitare emozioni autentiche. Con i nostri tour guidati a Palermo [&hellip;]<\/p>\n","protected":false},"author":3,"featured_media":1490,"parent":0,"menu_order":1,"comment_status":"closed","ping_status":"closed","template":"chi-siamo.php","meta":{"_acf_changed":false,"footnotes":""},"class_list":["post-88","page","type-page","status-publish","has-post-thumbnail","hentry"],"acf":[],"yoast_head":"<!-- This site is optimized with the Yoast SEO plugin v27.5 - https:\/\/yoast.com\/product\/yoast-seo-wordpress\/ -->\n<title>Itinerari e visite guidati a Palermo<\/title>\n<meta name=\"description\" content=\"Itinerari e visite guidati a Palermo: itinerari sostenibili, esperienze autentiche e cultura locale con guide professionali.\" \/>\n<meta name=\"robots\" content=\"index, follow, max-snippet:-1, max-image-preview:large, max-video-preview:-1\" \/>\n<link rel=\"canonical\" href=\"https:\/\/www.palermocityguides.com\/it\/itinerari-e-visite-guidati-a-palermo\/\" \/>\n<meta property=\"og:locale\" content=\"it_IT\" \/>\n<meta property=\"og:type\" content=\"article\" \/>\n<meta property=\"og:title\" content=\"Itinerari e visite guidati a Palermo\" \/>\n<meta property=\"og:description\" content=\"Itinerari e visite guidati a Palermo: itinerari sostenibili, esperienze autentiche e cultura locale con guide professionali.\" \/>\n<meta property=\"og:url\" content=\"https:\/\/www.palermocityguides.com\/it\/itinerari-e-visite-guidati-a-palermo\/\" \/>\n<meta property=\"og:site_name\" content=\"Palermo City Guides\" \/>\n<meta property=\"article:modified_time\" content=\"2025-12-19T16:16:32+00:00\" \/>\n<meta property=\"og:image\" content=\"https:\/\/storage1045.cdn-immedia.net\/wp-content\/uploads\/2017\/12\/noi-2.jpg\" \/>\n\t<meta property=\"og:image:width\" content=\"1024\" \/>\n\t<meta property=\"og:image:height\" content=\"768\" \/>\n\t<meta property=\"og:image:type\" content=\"image\/jpeg\" \/>\n<meta name=\"twitter:card\" content=\"summary_large_image\" \/>\n<meta name=\"twitter:label1\" content=\"Tempo di lettura stimato\" \/>\n\t<meta name=\"twitter:data1\" content=\"2 minuti\" \/>\n<script type=\"application\/ld+json\" class=\"yoast-schema-graph\">{\"@context\":\"https:\\\/\\\/schema.org\",\"@graph\":[{\"@type\":\"WebPage\",\"@id\":\"https:\\\/\\\/www.palermocityguides.com\\\/it\\\/itinerari-e-visite-guidati-a-palermo\\\/\",\"url\":\"https:\\\/\\\/www.palermocityguides.com\\\/it\\\/itinerari-e-visite-guidati-a-palermo\\\/\",\"name\":\"Itinerari e visite guidati a Palermo\",\"isPartOf\":{\"@id\":\"https:\\\/\\\/www.palermocityguides.com\\\/it\\\/#website\"},\"primaryImageOfPage\":{\"@id\":\"https:\\\/\\\/www.palermocityguides.com\\\/it\\\/itinerari-e-visite-guidati-a-palermo\\\/#primaryimage\"},\"image\":{\"@id\":\"https:\\\/\\\/www.palermocityguides.com\\\/it\\\/itinerari-e-visite-guidati-a-palermo\\\/#primaryimage\"},\"thumbnailUrl\":\"https:\\\/\\\/www.palermocityguides.com\\\/wp-content\\\/uploads\\\/2017\\\/12\\\/noi-2.jpg\",\"datePublished\":\"2017-10-23T08:00:12+00:00\",\"dateModified\":\"2025-12-19T16:16:32+00:00\",\"description\":\"Itinerari e visite guidati a Palermo: itinerari sostenibili, esperienze autentiche e cultura locale con guide professionali.\",\"breadcrumb\":{\"@id\":\"https:\\\/\\\/www.palermocityguides.com\\\/it\\\/itinerari-e-visite-guidati-a-palermo\\\/#breadcrumb\"},\"inLanguage\":\"it-IT\",\"potentialAction\":[{\"@type\":\"ReadAction\",\"target\":[\"https:\\\/\\\/www.palermocityguides.com\\\/it\\\/itinerari-e-visite-guidati-a-palermo\\\/\"]}]},{\"@type\":\"ImageObject\",\"inLanguage\":\"it-IT\",\"@id\":\"https:\\\/\\\/www.palermocityguides.com\\\/it\\\/itinerari-e-visite-guidati-a-palermo\\\/#primaryimage\",\"url\":\"https:\\\/\\\/www.palermocityguides.com\\\/wp-content\\\/uploads\\\/2017\\\/12\\\/noi-2.jpg\",\"contentUrl\":\"https:\\\/\\\/www.palermocityguides.com\\\/wp-content\\\/uploads\\\/2017\\\/12\\\/noi-2.jpg\",\"width\":4032,\"height\":3024,\"caption\":\"Noi\"},{\"@type\":\"BreadcrumbList\",\"@id\":\"https:\\\/\\\/www.palermocityguides.com\\\/it\\\/itinerari-e-visite-guidati-a-palermo\\\/#breadcrumb\",\"itemListElement\":[{\"@type\":\"ListItem\",\"position\":1,\"name\":\"Home\",\"item\":\"https:\\\/\\\/www.palermocityguides.com\\\/it\\\/\"},{\"@type\":\"ListItem\",\"position\":2,\"name\":\"Chi siamo\"}]},{\"@type\":\"WebSite\",\"@id\":\"https:\\\/\\\/www.palermocityguides.com\\\/it\\\/#website\",\"url\":\"https:\\\/\\\/www.palermocityguides.com\\\/it\\\/\",\"name\":\"Palermo City Guides\",\"description\":\"Palermo City Guides\",\"publisher\":{\"@id\":\"https:\\\/\\\/www.palermocityguides.com\\\/it\\\/#organization\"},\"potentialAction\":[{\"@type\":\"SearchAction\",\"target\":{\"@type\":\"EntryPoint\",\"urlTemplate\":\"https:\\\/\\\/www.palermocityguides.com\\\/it\\\/?s={search_term_string}\"},\"query-input\":{\"@type\":\"PropertyValueSpecification\",\"valueRequired\":true,\"valueName\":\"search_term_string\"}}],\"inLanguage\":\"it-IT\"},{\"@type\":\"Organization\",\"@id\":\"https:\\\/\\\/www.palermocityguides.com\\\/it\\\/#organization\",\"name\":\"Palermo City Guides\",\"url\":\"https:\\\/\\\/www.palermocityguides.com\\\/it\\\/\",\"logo\":{\"@type\":\"ImageObject\",\"inLanguage\":\"it-IT\",\"@id\":\"https:\\\/\\\/www.palermocityguides.com\\\/it\\\/#\\\/schema\\\/logo\\\/image\\\/\",\"url\":\"https:\\\/\\\/www.palermocityguides.com\\\/wp-content\\\/uploads\\\/2018\\\/01\\\/logo-palermo-city-guides.png\",\"contentUrl\":\"https:\\\/\\\/www.palermocityguides.com\\\/wp-content\\\/uploads\\\/2018\\\/01\\\/logo-palermo-city-guides.png\",\"width\":562,\"height\":213,\"caption\":\"Palermo City Guides\"},\"image\":{\"@id\":\"https:\\\/\\\/www.palermocityguides.com\\\/it\\\/#\\\/schema\\\/logo\\\/image\\\/\"}}]}<\/script>\n<!-- \/ Yoast SEO plugin. -->","yoast_head_json":{"title":"Itinerari e visite guidati a Palermo","description":"Itinerari e visite guidati a Palermo: itinerari sostenibili, esperienze autentiche e cultura locale con guide professionali.","robots":{"index":"index","follow":"follow","max-snippet":"max-snippet:-1","max-image-preview":"max-image-preview:large","max-video-preview":"max-video-preview:-1"},"canonical":"https:\/\/www.palermocityguides.com\/it\/itinerari-e-visite-guidati-a-palermo\/","og_locale":"it_IT","og_type":"article","og_title":"Itinerari e visite guidati a Palermo","og_description":"Itinerari e visite guidati a Palermo: itinerari sostenibili, esperienze autentiche e cultura locale con guide professionali.","og_url":"https:\/\/www.palermocityguides.com\/it\/itinerari-e-visite-guidati-a-palermo\/","og_site_name":"Palermo City Guides","article_modified_time":"2025-12-19T16:16:32+00:00","og_image":[{"url":"https:\/\/storage1045.cdn-immedia.net\/wp-content\/uploads\/2017\/12\/noi-2.jpg","width":1024,"height":768,"type":"image\/jpeg"}],"twitter_card":"summary_large_image","twitter_misc":{"Tempo di lettura stimato":"2 minuti"},"schema":{"@context":"https:\/\/schema.org","@graph":[{"@type":"WebPage","@id":"https:\/\/www.palermocityguides.com\/it\/itinerari-e-visite-guidati-a-palermo\/","url":"https:\/\/www.palermocityguides.com\/it\/itinerari-e-visite-guidati-a-palermo\/","name":"Itinerari e visite guidati a Palermo","isPartOf":{"@id":"https:\/\/www.palermocityguides.com\/it\/#website"},"primaryImageOfPage":{"@id":"https:\/\/www.palermocityguides.com\/it\/itinerari-e-visite-guidati-a-palermo\/#primaryimage"},"image":{"@id":"https:\/\/www.palermocityguides.com\/it\/itinerari-e-visite-guidati-a-palermo\/#primaryimage"},"thumbnailUrl":"https:\/\/storage1045.cdn-immedia.net\/wp-content\/uploads\/2017\/12\/noi-2.jpg","datePublished":"2017-10-23T08:00:12+00:00","dateModified":"2025-12-19T16:16:32+00:00","description":"Itinerari e visite guidati a Palermo: itinerari sostenibili, esperienze autentiche e cultura locale con guide professionali.","breadcrumb":{"@id":"https:\/\/www.palermocityguides.com\/it\/itinerari-e-visite-guidati-a-palermo\/#breadcrumb"},"inLanguage":"it-IT","potentialAction":[{"@type":"ReadAction","target":["https:\/\/www.palermocityguides.com\/it\/itinerari-e-visite-guidati-a-palermo\/"]}]},{"@type":"ImageObject","inLanguage":"it-IT","@id":"https:\/\/www.palermocityguides.com\/it\/itinerari-e-visite-guidati-a-palermo\/#primaryimage","url":"https:\/\/storage1045.cdn-immedia.net\/wp-content\/uploads\/2017\/12\/noi-2.jpg","contentUrl":"https:\/\/storage1045.cdn-immedia.net\/wp-content\/uploads\/2017\/12\/noi-2.jpg","width":4032,"height":3024,"caption":"Noi"},{"@type":"BreadcrumbList","@id":"https:\/\/www.palermocityguides.com\/it\/itinerari-e-visite-guidati-a-palermo\/#breadcrumb","itemListElement":[{"@type":"ListItem","position":1,"name":"Home","item":"https:\/\/www.palermocityguides.com\/it\/"},{"@type":"ListItem","position":2,"name":"Chi siamo"}]},{"@type":"WebSite","@id":"https:\/\/www.palermocityguides.com\/it\/#website","url":"https:\/\/www.palermocityguides.com\/it\/","name":"Palermo City Guides","description":"Palermo City Guides","publisher":{"@id":"https:\/\/www.palermocityguides.com\/it\/#organization"},"potentialAction":[{"@type":"SearchAction","target":{"@type":"EntryPoint","urlTemplate":"https:\/\/www.palermocityguides.com\/it\/?s={search_term_string}"},"query-input":{"@type":"PropertyValueSpecification","valueRequired":true,"valueName":"search_term_string"}}],"inLanguage":"it-IT"},{"@type":"Organization","@id":"https:\/\/www.palermocityguides.com\/it\/#organization","name":"Palermo City Guides","url":"https:\/\/www.palermocityguides.com\/it\/","logo":{"@type":"ImageObject","inLanguage":"it-IT","@id":"https:\/\/www.palermocityguides.com\/it\/#\/schema\/logo\/image\/","url":"https:\/\/storage1045.cdn-immedia.net\/wp-content\/uploads\/2018\/01\/logo-palermo-city-guides.png","contentUrl":"https:\/\/storage1045.cdn-immedia.net\/wp-content\/uploads\/2018\/01\/logo-palermo-city-guides.png","width":562,"height":213,"caption":"Palermo City Guides"},"image":{"@id":"https:\/\/www.palermocityguides.com\/it\/#\/schema\/logo\/image\/"}}]}},"_links":{"self":[{"href":"https:\/\/www.palermocityguides.com\/it\/wp-json\/wp\/v2\/pages\/88","targetHints":{"allow":["GET"]}}],"collection":[{"href":"https:\/\/www.palermocityguides.com\/it\/wp-json\/wp\/v2\/pages"}],"about":[{"href":"https:\/\/www.palermocityguides.com\/it\/wp-json\/wp\/v2\/types\/page"}],"author":[{"embeddable":true,"href":"https:\/\/www.palermocityguides.com\/it\/wp-json\/wp\/v2\/users\/3"}],"replies":[{"embeddable":true,"href":"https:\/\/www.palermocityguides.com\/it\/wp-json\/wp\/v2\/comments?post=88"}],"version-history":[{"count":1,"href":"https:\/\/www.palermocityguides.com\/it\/wp-json\/wp\/v2\/pages\/88\/revisions"}],"predecessor-version":[{"id":3785,"href":"https:\/\/www.palermocityguides.com\/it\/wp-json\/wp\/v2\/pages\/88\/revisions\/3785"}],"wp:featuredmedia":[{"embeddable":true,"href":"https:\/\/www.palermocityguides.com\/it\/wp-json\/wp\/v2\/media\/1490"}],"wp:attachment":[{"href":"https:\/\/www.palermocityguides.com\/it\/wp-json\/wp\/v2\/media?parent=88"}],"curies":[{"name":"wp","href":"https:\/\/api.w.org\/{rel}","templated":true}]}}