{"id":192,"date":"2017-10-26T10:53:31","date_gmt":"2017-10-26T08:53:31","guid":{"rendered":"https:\/\/www.palermocityguides.com\/?page_id=192"},"modified":"2025-12-17T15:39:45","modified_gmt":"2025-12-17T14:39:45","slug":"tour-guidati-palermo","status":"publish","type":"page","link":"https:\/\/www.palermocityguides.com\/it\/itinerari-e-visite-guidate-a-siti-specifici-a-palermo\/tour-guidati-palermo\/","title":{"rendered":"Itinerari guidati"},"content":{"rendered":"\n<p>Proponiamo tour guidati a Palermo per single, coppie, famiglie e piccoli gruppi di amici.<\/p>\n\n\n\n<p>Le nostre proposte sono pensate sia per chi visita Palermo per la prima volta sia per chi desidera conoscerla pi\u00f9 a fondo, attraverso percorsi meno turistici e visite di luoghi autentici. Non tralasceremo l\u2019eccezionale tradizione gastronomica n\u00e9 riferimenti ai lati oscuri come la mafia. Palermo \u00e8 una citt\u00e0 dal patrimonio storico, artistico e gastronomico unico. Durante i nostri tour scoprirai le straordinarie chiese arabo-normanne, come la Cappella Palatina, la Cattedrale di Palermo e la Chiesa della Martorana, riconosciute Patrimonio UNESCO nel 2015. Resterai sorpreso anche dallo splendore delle chiese barocche e degli\u00a0<a href=\"https:\/\/www.palermocityguides.com\/it\/palermo\/palermo-splende\/\">Oratori<\/a>. La citt\u00e0 racconta secoli di incontri tra culture diverse che ne hanno plasmato l\u2019identit\u00e0 e il fascino. Negli ultimi anni, il recupero del centro storico di Palermo ha trasformato la citt\u00e0 in un vivace centro culturale.<\/p>\n\n\n\n<p><\/p>\n","protected":false},"excerpt":{"rendered":"<p>Proponiamo tour guidati a Palermo per single, coppie, famiglie e piccoli gruppi di amici. Le nostre proposte sono pensate sia per chi visita Palermo per la prima volta sia per chi desidera conoscerla pi\u00f9 a fondo, attraverso percorsi meno turistici e visite di luoghi autentici. Non tralasceremo l\u2019eccezionale tradizione gastronomica n\u00e9 riferimenti ai lati oscuri [&hellip;]<\/p>\n","protected":false},"author":3,"featured_media":2374,"parent":1860,"menu_order":3,"comment_status":"closed","ping_status":"closed","template":"itinerari.php","meta":{"_acf_changed":false,"footnotes":""},"class_list":["post-192","page","type-page","status-publish","has-post-thumbnail","hentry"],"acf":[],"yoast_head":"<!-- This site is optimized with the Yoast SEO plugin v27.5 - https:\/\/yoast.com\/product\/yoast-seo-wordpress\/ -->\n<title>Tour guidati a Palermo Itinerari autentici nel centro storico<\/title>\n<meta name=\"description\" content=\"Vivi Palermo con tour guidati nel centro storico: itinerari autentici, chiese, gastronomia e storia per coppie, famiglie e piccoli gruppi\" \/>\n<meta name=\"robots\" content=\"index, follow, max-snippet:-1, max-image-preview:large, max-video-preview:-1\" \/>\n<link rel=\"canonical\" href=\"https:\/\/www.palermocityguides.com\/it\/itinerari-e-visite-guidate-a-siti-specifici-a-palermo\/tour-guidati-palermo\/\" \/>\n<meta property=\"og:locale\" content=\"it_IT\" \/>\n<meta property=\"og:type\" content=\"article\" \/>\n<meta property=\"og:title\" content=\"Tour guidati a Palermo Itinerari autentici nel centro storico\" \/>\n<meta property=\"og:description\" content=\"Vivi Palermo con tour guidati nel centro storico: itinerari autentici, chiese, gastronomia e storia per coppie, famiglie e piccoli gruppi\" \/>\n<meta property=\"og:url\" content=\"https:\/\/www.palermocityguides.com\/it\/itinerari-e-visite-guidate-a-siti-specifici-a-palermo\/tour-guidati-palermo\/\" \/>\n<meta property=\"og:site_name\" content=\"Palermo City Guides\" \/>\n<meta property=\"article:modified_time\" content=\"2025-12-17T14:39:45+00:00\" \/>\n<meta property=\"og:image\" content=\"https:\/\/storage1045.cdn-immedia.net\/wp-content\/uploads\/2018\/03\/IMG_20180313_113956.jpg\" \/>\n\t<meta property=\"og:image:width\" content=\"1024\" \/>\n\t<meta property=\"og:image:height\" content=\"768\" \/>\n\t<meta property=\"og:image:type\" content=\"image\/jpeg\" \/>\n<meta name=\"twitter:card\" content=\"summary_large_image\" \/>\n<meta name=\"twitter:label1\" content=\"Tempo di lettura stimato\" \/>\n\t<meta name=\"twitter:data1\" content=\"1 minuto\" \/>\n<script type=\"application\/ld+json\" class=\"yoast-schema-graph\">{\"@context\":\"https:\\\/\\\/schema.org\",\"@graph\":[{\"@type\":\"WebPage\",\"@id\":\"https:\\\/\\\/www.palermocityguides.com\\\/it\\\/itinerari-e-visite-guidate-a-siti-specifici-a-palermo\\\/tour-guidati-palermo\\\/\",\"url\":\"https:\\\/\\\/www.palermocityguides.com\\\/it\\\/itinerari-e-visite-guidate-a-siti-specifici-a-palermo\\\/tour-guidati-palermo\\\/\",\"name\":\"Tour guidati a Palermo Itinerari autentici nel centro storico\",\"isPartOf\":{\"@id\":\"https:\\\/\\\/www.palermocityguides.com\\\/it\\\/#website\"},\"primaryImageOfPage\":{\"@id\":\"https:\\\/\\\/www.palermocityguides.com\\\/it\\\/itinerari-e-visite-guidate-a-siti-specifici-a-palermo\\\/tour-guidati-palermo\\\/#primaryimage\"},\"image\":{\"@id\":\"https:\\\/\\\/www.palermocityguides.com\\\/it\\\/itinerari-e-visite-guidate-a-siti-specifici-a-palermo\\\/tour-guidati-palermo\\\/#primaryimage\"},\"thumbnailUrl\":\"https:\\\/\\\/www.palermocityguides.com\\\/wp-content\\\/uploads\\\/2018\\\/03\\\/IMG_20180313_113956.jpg\",\"datePublished\":\"2017-10-26T08:53:31+00:00\",\"dateModified\":\"2025-12-17T14:39:45+00:00\",\"description\":\"Vivi Palermo con tour guidati nel centro storico: itinerari autentici, chiese, gastronomia e storia per coppie, famiglie e piccoli gruppi\",\"breadcrumb\":{\"@id\":\"https:\\\/\\\/www.palermocityguides.com\\\/it\\\/itinerari-e-visite-guidate-a-siti-specifici-a-palermo\\\/tour-guidati-palermo\\\/#breadcrumb\"},\"inLanguage\":\"it-IT\",\"potentialAction\":[{\"@type\":\"ReadAction\",\"target\":[\"https:\\\/\\\/www.palermocityguides.com\\\/it\\\/itinerari-e-visite-guidate-a-siti-specifici-a-palermo\\\/tour-guidati-palermo\\\/\"]}]},{\"@type\":\"ImageObject\",\"inLanguage\":\"it-IT\",\"@id\":\"https:\\\/\\\/www.palermocityguides.com\\\/it\\\/itinerari-e-visite-guidate-a-siti-specifici-a-palermo\\\/tour-guidati-palermo\\\/#primaryimage\",\"url\":\"https:\\\/\\\/www.palermocityguides.com\\\/wp-content\\\/uploads\\\/2018\\\/03\\\/IMG_20180313_113956.jpg\",\"contentUrl\":\"https:\\\/\\\/www.palermocityguides.com\\\/wp-content\\\/uploads\\\/2018\\\/03\\\/IMG_20180313_113956.jpg\",\"width\":3264,\"height\":2448,\"caption\":\"ph.Gino\"},{\"@type\":\"BreadcrumbList\",\"@id\":\"https:\\\/\\\/www.palermocityguides.com\\\/it\\\/itinerari-e-visite-guidate-a-siti-specifici-a-palermo\\\/tour-guidati-palermo\\\/#breadcrumb\",\"itemListElement\":[{\"@type\":\"ListItem\",\"position\":1,\"name\":\"Home\",\"item\":\"https:\\\/\\\/www.palermocityguides.com\\\/it\\\/\"},{\"@type\":\"ListItem\",\"position\":2,\"name\":\"Le nostre proposte\",\"item\":\"https:\\\/\\\/www.palermocityguides.com\\\/it\\\/itinerari-e-visite-guidate-a-siti-specifici-a-palermo\\\/\"},{\"@type\":\"ListItem\",\"position\":3,\"name\":\"Itinerari guidati\"}]},{\"@type\":\"WebSite\",\"@id\":\"https:\\\/\\\/www.palermocityguides.com\\\/it\\\/#website\",\"url\":\"https:\\\/\\\/www.palermocityguides.com\\\/it\\\/\",\"name\":\"Palermo City Guides\",\"description\":\"Palermo City Guides\",\"publisher\":{\"@id\":\"https:\\\/\\\/www.palermocityguides.com\\\/it\\\/#organization\"},\"potentialAction\":[{\"@type\":\"SearchAction\",\"target\":{\"@type\":\"EntryPoint\",\"urlTemplate\":\"https:\\\/\\\/www.palermocityguides.com\\\/it\\\/?s={search_term_string}\"},\"query-input\":{\"@type\":\"PropertyValueSpecification\",\"valueRequired\":true,\"valueName\":\"search_term_string\"}}],\"inLanguage\":\"it-IT\"},{\"@type\":\"Organization\",\"@id\":\"https:\\\/\\\/www.palermocityguides.com\\\/it\\\/#organization\",\"name\":\"Palermo City Guides\",\"url\":\"https:\\\/\\\/www.palermocityguides.com\\\/it\\\/\",\"logo\":{\"@type\":\"ImageObject\",\"inLanguage\":\"it-IT\",\"@id\":\"https:\\\/\\\/www.palermocityguides.com\\\/it\\\/#\\\/schema\\\/logo\\\/image\\\/\",\"url\":\"https:\\\/\\\/www.palermocityguides.com\\\/wp-content\\\/uploads\\\/2018\\\/01\\\/logo-palermo-city-guides.png\",\"contentUrl\":\"https:\\\/\\\/www.palermocityguides.com\\\/wp-content\\\/uploads\\\/2018\\\/01\\\/logo-palermo-city-guides.png\",\"width\":562,\"height\":213,\"caption\":\"Palermo City Guides\"},\"image\":{\"@id\":\"https:\\\/\\\/www.palermocityguides.com\\\/it\\\/#\\\/schema\\\/logo\\\/image\\\/\"}}]}<\/script>\n<!-- \/ Yoast SEO plugin. -->","yoast_head_json":{"title":"Tour guidati a Palermo Itinerari autentici nel centro storico","description":"Vivi Palermo con tour guidati nel centro storico: itinerari autentici, chiese, gastronomia e storia per coppie, famiglie e piccoli gruppi","robots":{"index":"index","follow":"follow","max-snippet":"max-snippet:-1","max-image-preview":"max-image-preview:large","max-video-preview":"max-video-preview:-1"},"canonical":"https:\/\/www.palermocityguides.com\/it\/itinerari-e-visite-guidate-a-siti-specifici-a-palermo\/tour-guidati-palermo\/","og_locale":"it_IT","og_type":"article","og_title":"Tour guidati a Palermo Itinerari autentici nel centro storico","og_description":"Vivi Palermo con tour guidati nel centro storico: itinerari autentici, chiese, gastronomia e storia per coppie, famiglie e piccoli gruppi","og_url":"https:\/\/www.palermocityguides.com\/it\/itinerari-e-visite-guidate-a-siti-specifici-a-palermo\/tour-guidati-palermo\/","og_site_name":"Palermo City Guides","article_modified_time":"2025-12-17T14:39:45+00:00","og_image":[{"url":"https:\/\/storage1045.cdn-immedia.net\/wp-content\/uploads\/2018\/03\/IMG_20180313_113956.jpg","width":1024,"height":768,"type":"image\/jpeg"}],"twitter_card":"summary_large_image","twitter_misc":{"Tempo di lettura stimato":"1 minuto"},"schema":{"@context":"https:\/\/schema.org","@graph":[{"@type":"WebPage","@id":"https:\/\/www.palermocityguides.com\/it\/itinerari-e-visite-guidate-a-siti-specifici-a-palermo\/tour-guidati-palermo\/","url":"https:\/\/www.palermocityguides.com\/it\/itinerari-e-visite-guidate-a-siti-specifici-a-palermo\/tour-guidati-palermo\/","name":"Tour guidati a Palermo Itinerari autentici nel centro storico","isPartOf":{"@id":"https:\/\/www.palermocityguides.com\/it\/#website"},"primaryImageOfPage":{"@id":"https:\/\/www.palermocityguides.com\/it\/itinerari-e-visite-guidate-a-siti-specifici-a-palermo\/tour-guidati-palermo\/#primaryimage"},"image":{"@id":"https:\/\/www.palermocityguides.com\/it\/itinerari-e-visite-guidate-a-siti-specifici-a-palermo\/tour-guidati-palermo\/#primaryimage"},"thumbnailUrl":"https:\/\/storage1045.cdn-immedia.net\/wp-content\/uploads\/2018\/03\/IMG_20180313_113956.jpg","datePublished":"2017-10-26T08:53:31+00:00","dateModified":"2025-12-17T14:39:45+00:00","description":"Vivi Palermo con tour guidati nel centro storico: itinerari autentici, chiese, gastronomia e storia per coppie, famiglie e piccoli gruppi","breadcrumb":{"@id":"https:\/\/www.palermocityguides.com\/it\/itinerari-e-visite-guidate-a-siti-specifici-a-palermo\/tour-guidati-palermo\/#breadcrumb"},"inLanguage":"it-IT","potentialAction":[{"@type":"ReadAction","target":["https:\/\/www.palermocityguides.com\/it\/itinerari-e-visite-guidate-a-siti-specifici-a-palermo\/tour-guidati-palermo\/"]}]},{"@type":"ImageObject","inLanguage":"it-IT","@id":"https:\/\/www.palermocityguides.com\/it\/itinerari-e-visite-guidate-a-siti-specifici-a-palermo\/tour-guidati-palermo\/#primaryimage","url":"https:\/\/storage1045.cdn-immedia.net\/wp-content\/uploads\/2018\/03\/IMG_20180313_113956.jpg","contentUrl":"https:\/\/storage1045.cdn-immedia.net\/wp-content\/uploads\/2018\/03\/IMG_20180313_113956.jpg","width":3264,"height":2448,"caption":"ph.Gino"},{"@type":"BreadcrumbList","@id":"https:\/\/www.palermocityguides.com\/it\/itinerari-e-visite-guidate-a-siti-specifici-a-palermo\/tour-guidati-palermo\/#breadcrumb","itemListElement":[{"@type":"ListItem","position":1,"name":"Home","item":"https:\/\/www.palermocityguides.com\/it\/"},{"@type":"ListItem","position":2,"name":"Le nostre proposte","item":"https:\/\/www.palermocityguides.com\/it\/itinerari-e-visite-guidate-a-siti-specifici-a-palermo\/"},{"@type":"ListItem","position":3,"name":"Itinerari guidati"}]},{"@type":"WebSite","@id":"https:\/\/www.palermocityguides.com\/it\/#website","url":"https:\/\/www.palermocityguides.com\/it\/","name":"Palermo City Guides","description":"Palermo City Guides","publisher":{"@id":"https:\/\/www.palermocityguides.com\/it\/#organization"},"potentialAction":[{"@type":"SearchAction","target":{"@type":"EntryPoint","urlTemplate":"https:\/\/www.palermocityguides.com\/it\/?s={search_term_string}"},"query-input":{"@type":"PropertyValueSpecification","valueRequired":true,"valueName":"search_term_string"}}],"inLanguage":"it-IT"},{"@type":"Organization","@id":"https:\/\/www.palermocityguides.com\/it\/#organization","name":"Palermo City Guides","url":"https:\/\/www.palermocityguides.com\/it\/","logo":{"@type":"ImageObject","inLanguage":"it-IT","@id":"https:\/\/www.palermocityguides.com\/it\/#\/schema\/logo\/image\/","url":"https:\/\/storage1045.cdn-immedia.net\/wp-content\/uploads\/2018\/01\/logo-palermo-city-guides.png","contentUrl":"https:\/\/storage1045.cdn-immedia.net\/wp-content\/uploads\/2018\/01\/logo-palermo-city-guides.png","width":562,"height":213,"caption":"Palermo City Guides"},"image":{"@id":"https:\/\/www.palermocityguides.com\/it\/#\/schema\/logo\/image\/"}}]}},"_links":{"self":[{"href":"https:\/\/www.palermocityguides.com\/it\/wp-json\/wp\/v2\/pages\/192","targetHints":{"allow":["GET"]}}],"collection":[{"href":"https:\/\/www.palermocityguides.com\/it\/wp-json\/wp\/v2\/pages"}],"about":[{"href":"https:\/\/www.palermocityguides.com\/it\/wp-json\/wp\/v2\/types\/page"}],"author":[{"embeddable":true,"href":"https:\/\/www.palermocityguides.com\/it\/wp-json\/wp\/v2\/users\/3"}],"replies":[{"embeddable":true,"href":"https:\/\/www.palermocityguides.com\/it\/wp-json\/wp\/v2\/comments?post=192"}],"version-history":[{"count":1,"href":"https:\/\/www.palermocityguides.com\/it\/wp-json\/wp\/v2\/pages\/192\/revisions"}],"predecessor-version":[{"id":3337,"href":"https:\/\/www.palermocityguides.com\/it\/wp-json\/wp\/v2\/pages\/192\/revisions\/3337"}],"up":[{"embeddable":true,"href":"https:\/\/www.palermocityguides.com\/it\/wp-json\/wp\/v2\/pages\/1860"}],"wp:featuredmedia":[{"embeddable":true,"href":"https:\/\/www.palermocityguides.com\/it\/wp-json\/wp\/v2\/media\/2374"}],"wp:attachment":[{"href":"https:\/\/www.palermocityguides.com\/it\/wp-json\/wp\/v2\/media?parent=192"}],"curies":[{"name":"wp","href":"https:\/\/api.w.org\/{rel}","templated":true}]}}