{"id":131,"date":"2017-10-23T12:52:27","date_gmt":"2017-10-23T10:52:27","guid":{"rendered":"https:\/\/www.palermocityguides.com\/?page_id=131"},"modified":"2025-12-18T18:59:14","modified_gmt":"2025-12-18T17:59:14","slug":"palermo-crede","status":"publish","type":"page","link":"https:\/\/www.palermocityguides.com\/it\/palermo\/palermo-crede\/","title":{"rendered":"Crede"},"content":{"rendered":"\n<p><strong>Palermo crede!<\/strong> Pur essendo la quinta citt\u00e0 d\u2019Italia per numero di abitanti, Palermo non ha perso la propria <strong>identit\u00e0 culturale<\/strong> n\u00e9 la sua <strong>fede popolare<\/strong>. La devozione verso <strong>Santa Rosalia<\/strong>, patrona della citt\u00e0, \u00e8 ancora oggi molto sentita, cos\u00ec come la partecipazione ai riti della <strong>Settimana Santa<\/strong> e alle numerose feste rionali dei quartieri storici.<\/p>\n\n\n\n<p>A protezione di Palermo non manca neppure un santo di colore, San Benedetto il Moro, primo santo di colore della Chiesa Cattolica e compatrono di Palermo, e un nume tutelare laico, il Genio di Palermo, <em>genius loci<\/em> che rappresenta l&#8217;anima della citt\u00e0. Queste figure simboliche incarnano l\u2019essenza stessa di Palermo, la sua storia, le sue tradizioni e la spiritualit\u00e0 popolare ancora viva. Tra fede e cultura, Palermo continua a mantenere vivo il suo legame con le radici pi\u00f9 profonde, offrendo ai visitatori un\u2019esperienza autentica e ricca di suggestioni.<\/p>\n","protected":false},"excerpt":{"rendered":"<p>Palermo crede! Pur essendo la quinta citt\u00e0 d\u2019Italia per numero di abitanti, Palermo non ha perso la propria identit\u00e0 culturale n\u00e9 la sua fede popolare. La devozione verso Santa Rosalia, patrona della citt\u00e0, \u00e8 ancora oggi molto sentita, cos\u00ec come la partecipazione ai riti della Settimana Santa e alle numerose feste rionali dei quartieri storici. [&hellip;]<\/p>\n","protected":false},"author":3,"featured_media":973,"parent":122,"menu_order":2,"comment_status":"closed","ping_status":"closed","template":"palermo-sub.php","meta":{"_acf_changed":false,"footnotes":""},"class_list":["post-131","page","type-page","status-publish","has-post-thumbnail","hentry"],"acf":[],"yoast_head":"<!-- This site is optimized with the Yoast SEO plugin v27.5 - https:\/\/yoast.com\/product\/yoast-seo-wordpress\/ -->\n<title>Palermo crede!<\/title>\n<meta name=\"description\" content=\"Palermo crede! Non solo alla patrona Rosalia. Ci sono anche S. Benedetto il Moro, un santo nero, ed un protettore laico, il Genio di Palermo.\" \/>\n<meta name=\"robots\" content=\"index, follow, max-snippet:-1, max-image-preview:large, max-video-preview:-1\" \/>\n<link rel=\"canonical\" href=\"https:\/\/www.palermocityguides.com\/it\/palermo\/palermo-crede\/\" \/>\n<meta property=\"og:locale\" content=\"it_IT\" \/>\n<meta property=\"og:type\" content=\"article\" \/>\n<meta property=\"og:title\" content=\"Palermo crede!\" \/>\n<meta property=\"og:description\" content=\"Palermo crede! Non solo alla patrona Rosalia. Ci sono anche S. Benedetto il Moro, un santo nero, ed un protettore laico, il Genio di Palermo.\" \/>\n<meta property=\"og:url\" content=\"https:\/\/www.palermocityguides.com\/it\/palermo\/palermo-crede\/\" \/>\n<meta property=\"og:site_name\" content=\"Palermo City Guides\" \/>\n<meta property=\"article:modified_time\" content=\"2025-12-18T17:59:14+00:00\" \/>\n<meta property=\"og:image\" content=\"https:\/\/storage1045.cdn-immedia.net\/wp-content\/uploads\/2017\/12\/S-Rosalia_Cattedrale-Pa-11.jpg\" \/>\n\t<meta property=\"og:image:width\" content=\"768\" \/>\n\t<meta property=\"og:image:height\" content=\"1024\" \/>\n\t<meta property=\"og:image:type\" content=\"image\/jpeg\" \/>\n<meta name=\"twitter:card\" content=\"summary_large_image\" \/>\n<meta name=\"twitter:label1\" content=\"Tempo di lettura stimato\" \/>\n\t<meta name=\"twitter:data1\" content=\"1 minuto\" \/>\n<script type=\"application\/ld+json\" class=\"yoast-schema-graph\">{\"@context\":\"https:\\\/\\\/schema.org\",\"@graph\":[{\"@type\":\"WebPage\",\"@id\":\"https:\\\/\\\/www.palermocityguides.com\\\/it\\\/palermo\\\/palermo-crede\\\/\",\"url\":\"https:\\\/\\\/www.palermocityguides.com\\\/it\\\/palermo\\\/palermo-crede\\\/\",\"name\":\"Palermo crede!\",\"isPartOf\":{\"@id\":\"https:\\\/\\\/www.palermocityguides.com\\\/it\\\/#website\"},\"primaryImageOfPage\":{\"@id\":\"https:\\\/\\\/www.palermocityguides.com\\\/it\\\/palermo\\\/palermo-crede\\\/#primaryimage\"},\"image\":{\"@id\":\"https:\\\/\\\/www.palermocityguides.com\\\/it\\\/palermo\\\/palermo-crede\\\/#primaryimage\"},\"thumbnailUrl\":\"https:\\\/\\\/www.palermocityguides.com\\\/wp-content\\\/uploads\\\/2017\\\/12\\\/S-Rosalia_Cattedrale-Pa-11.jpg\",\"datePublished\":\"2017-10-23T10:52:27+00:00\",\"dateModified\":\"2025-12-18T17:59:14+00:00\",\"description\":\"Palermo crede! Non solo alla patrona Rosalia. Ci sono anche S. Benedetto il Moro, un santo nero, ed un protettore laico, il Genio di Palermo.\",\"breadcrumb\":{\"@id\":\"https:\\\/\\\/www.palermocityguides.com\\\/it\\\/palermo\\\/palermo-crede\\\/#breadcrumb\"},\"inLanguage\":\"it-IT\",\"potentialAction\":[{\"@type\":\"ReadAction\",\"target\":[\"https:\\\/\\\/www.palermocityguides.com\\\/it\\\/palermo\\\/palermo-crede\\\/\"]}]},{\"@type\":\"ImageObject\",\"inLanguage\":\"it-IT\",\"@id\":\"https:\\\/\\\/www.palermocityguides.com\\\/it\\\/palermo\\\/palermo-crede\\\/#primaryimage\",\"url\":\"https:\\\/\\\/www.palermocityguides.com\\\/wp-content\\\/uploads\\\/2017\\\/12\\\/S-Rosalia_Cattedrale-Pa-11.jpg\",\"contentUrl\":\"https:\\\/\\\/www.palermocityguides.com\\\/wp-content\\\/uploads\\\/2017\\\/12\\\/S-Rosalia_Cattedrale-Pa-11.jpg\",\"width\":3024,\"height\":4032,\"caption\":\"ph. Silvia\"},{\"@type\":\"BreadcrumbList\",\"@id\":\"https:\\\/\\\/www.palermocityguides.com\\\/it\\\/palermo\\\/palermo-crede\\\/#breadcrumb\",\"itemListElement\":[{\"@type\":\"ListItem\",\"position\":1,\"name\":\"Home\",\"item\":\"https:\\\/\\\/www.palermocityguides.com\\\/it\\\/\"},{\"@type\":\"ListItem\",\"position\":2,\"name\":\"Palermo\",\"item\":\"https:\\\/\\\/www.palermocityguides.com\\\/it\\\/palermo\\\/\"},{\"@type\":\"ListItem\",\"position\":3,\"name\":\"Crede\"}]},{\"@type\":\"WebSite\",\"@id\":\"https:\\\/\\\/www.palermocityguides.com\\\/it\\\/#website\",\"url\":\"https:\\\/\\\/www.palermocityguides.com\\\/it\\\/\",\"name\":\"Palermo City Guides\",\"description\":\"Palermo City Guides\",\"publisher\":{\"@id\":\"https:\\\/\\\/www.palermocityguides.com\\\/it\\\/#organization\"},\"potentialAction\":[{\"@type\":\"SearchAction\",\"target\":{\"@type\":\"EntryPoint\",\"urlTemplate\":\"https:\\\/\\\/www.palermocityguides.com\\\/it\\\/?s={search_term_string}\"},\"query-input\":{\"@type\":\"PropertyValueSpecification\",\"valueRequired\":true,\"valueName\":\"search_term_string\"}}],\"inLanguage\":\"it-IT\"},{\"@type\":\"Organization\",\"@id\":\"https:\\\/\\\/www.palermocityguides.com\\\/it\\\/#organization\",\"name\":\"Palermo City Guides\",\"url\":\"https:\\\/\\\/www.palermocityguides.com\\\/it\\\/\",\"logo\":{\"@type\":\"ImageObject\",\"inLanguage\":\"it-IT\",\"@id\":\"https:\\\/\\\/www.palermocityguides.com\\\/it\\\/#\\\/schema\\\/logo\\\/image\\\/\",\"url\":\"https:\\\/\\\/www.palermocityguides.com\\\/wp-content\\\/uploads\\\/2018\\\/01\\\/logo-palermo-city-guides.png\",\"contentUrl\":\"https:\\\/\\\/www.palermocityguides.com\\\/wp-content\\\/uploads\\\/2018\\\/01\\\/logo-palermo-city-guides.png\",\"width\":562,\"height\":213,\"caption\":\"Palermo City Guides\"},\"image\":{\"@id\":\"https:\\\/\\\/www.palermocityguides.com\\\/it\\\/#\\\/schema\\\/logo\\\/image\\\/\"}}]}<\/script>\n<!-- \/ Yoast SEO plugin. -->","yoast_head_json":{"title":"Palermo crede!","description":"Palermo crede! Non solo alla patrona Rosalia. Ci sono anche S. Benedetto il Moro, un santo nero, ed un protettore laico, il Genio di Palermo.","robots":{"index":"index","follow":"follow","max-snippet":"max-snippet:-1","max-image-preview":"max-image-preview:large","max-video-preview":"max-video-preview:-1"},"canonical":"https:\/\/www.palermocityguides.com\/it\/palermo\/palermo-crede\/","og_locale":"it_IT","og_type":"article","og_title":"Palermo crede!","og_description":"Palermo crede! Non solo alla patrona Rosalia. Ci sono anche S. Benedetto il Moro, un santo nero, ed un protettore laico, il Genio di Palermo.","og_url":"https:\/\/www.palermocityguides.com\/it\/palermo\/palermo-crede\/","og_site_name":"Palermo City Guides","article_modified_time":"2025-12-18T17:59:14+00:00","og_image":[{"url":"https:\/\/storage1045.cdn-immedia.net\/wp-content\/uploads\/2017\/12\/S-Rosalia_Cattedrale-Pa-11.jpg","width":768,"height":1024,"type":"image\/jpeg"}],"twitter_card":"summary_large_image","twitter_misc":{"Tempo di lettura stimato":"1 minuto"},"schema":{"@context":"https:\/\/schema.org","@graph":[{"@type":"WebPage","@id":"https:\/\/www.palermocityguides.com\/it\/palermo\/palermo-crede\/","url":"https:\/\/www.palermocityguides.com\/it\/palermo\/palermo-crede\/","name":"Palermo crede!","isPartOf":{"@id":"https:\/\/www.palermocityguides.com\/it\/#website"},"primaryImageOfPage":{"@id":"https:\/\/www.palermocityguides.com\/it\/palermo\/palermo-crede\/#primaryimage"},"image":{"@id":"https:\/\/www.palermocityguides.com\/it\/palermo\/palermo-crede\/#primaryimage"},"thumbnailUrl":"https:\/\/storage1045.cdn-immedia.net\/wp-content\/uploads\/2017\/12\/S-Rosalia_Cattedrale-Pa-11.jpg","datePublished":"2017-10-23T10:52:27+00:00","dateModified":"2025-12-18T17:59:14+00:00","description":"Palermo crede! Non solo alla patrona Rosalia. Ci sono anche S. Benedetto il Moro, un santo nero, ed un protettore laico, il Genio di Palermo.","breadcrumb":{"@id":"https:\/\/www.palermocityguides.com\/it\/palermo\/palermo-crede\/#breadcrumb"},"inLanguage":"it-IT","potentialAction":[{"@type":"ReadAction","target":["https:\/\/www.palermocityguides.com\/it\/palermo\/palermo-crede\/"]}]},{"@type":"ImageObject","inLanguage":"it-IT","@id":"https:\/\/www.palermocityguides.com\/it\/palermo\/palermo-crede\/#primaryimage","url":"https:\/\/storage1045.cdn-immedia.net\/wp-content\/uploads\/2017\/12\/S-Rosalia_Cattedrale-Pa-11.jpg","contentUrl":"https:\/\/storage1045.cdn-immedia.net\/wp-content\/uploads\/2017\/12\/S-Rosalia_Cattedrale-Pa-11.jpg","width":3024,"height":4032,"caption":"ph. Silvia"},{"@type":"BreadcrumbList","@id":"https:\/\/www.palermocityguides.com\/it\/palermo\/palermo-crede\/#breadcrumb","itemListElement":[{"@type":"ListItem","position":1,"name":"Home","item":"https:\/\/www.palermocityguides.com\/it\/"},{"@type":"ListItem","position":2,"name":"Palermo","item":"https:\/\/www.palermocityguides.com\/it\/palermo\/"},{"@type":"ListItem","position":3,"name":"Crede"}]},{"@type":"WebSite","@id":"https:\/\/www.palermocityguides.com\/it\/#website","url":"https:\/\/www.palermocityguides.com\/it\/","name":"Palermo City Guides","description":"Palermo City Guides","publisher":{"@id":"https:\/\/www.palermocityguides.com\/it\/#organization"},"potentialAction":[{"@type":"SearchAction","target":{"@type":"EntryPoint","urlTemplate":"https:\/\/www.palermocityguides.com\/it\/?s={search_term_string}"},"query-input":{"@type":"PropertyValueSpecification","valueRequired":true,"valueName":"search_term_string"}}],"inLanguage":"it-IT"},{"@type":"Organization","@id":"https:\/\/www.palermocityguides.com\/it\/#organization","name":"Palermo City Guides","url":"https:\/\/www.palermocityguides.com\/it\/","logo":{"@type":"ImageObject","inLanguage":"it-IT","@id":"https:\/\/www.palermocityguides.com\/it\/#\/schema\/logo\/image\/","url":"https:\/\/storage1045.cdn-immedia.net\/wp-content\/uploads\/2018\/01\/logo-palermo-city-guides.png","contentUrl":"https:\/\/storage1045.cdn-immedia.net\/wp-content\/uploads\/2018\/01\/logo-palermo-city-guides.png","width":562,"height":213,"caption":"Palermo City Guides"},"image":{"@id":"https:\/\/www.palermocityguides.com\/it\/#\/schema\/logo\/image\/"}}]}},"_links":{"self":[{"href":"https:\/\/www.palermocityguides.com\/it\/wp-json\/wp\/v2\/pages\/131","targetHints":{"allow":["GET"]}}],"collection":[{"href":"https:\/\/www.palermocityguides.com\/it\/wp-json\/wp\/v2\/pages"}],"about":[{"href":"https:\/\/www.palermocityguides.com\/it\/wp-json\/wp\/v2\/types\/page"}],"author":[{"embeddable":true,"href":"https:\/\/www.palermocityguides.com\/it\/wp-json\/wp\/v2\/users\/3"}],"replies":[{"embeddable":true,"href":"https:\/\/www.palermocityguides.com\/it\/wp-json\/wp\/v2\/comments?post=131"}],"version-history":[{"count":1,"href":"https:\/\/www.palermocityguides.com\/it\/wp-json\/wp\/v2\/pages\/131\/revisions"}],"predecessor-version":[{"id":3575,"href":"https:\/\/www.palermocityguides.com\/it\/wp-json\/wp\/v2\/pages\/131\/revisions\/3575"}],"up":[{"embeddable":true,"href":"https:\/\/www.palermocityguides.com\/it\/wp-json\/wp\/v2\/pages\/122"}],"wp:featuredmedia":[{"embeddable":true,"href":"https:\/\/www.palermocityguides.com\/it\/wp-json\/wp\/v2\/media\/973"}],"wp:attachment":[{"href":"https:\/\/www.palermocityguides.com\/it\/wp-json\/wp\/v2\/media?parent=131"}],"curies":[{"name":"wp","href":"https:\/\/api.w.org\/{rel}","templated":true}]}}