{"id":710,"date":"2017-12-02T07:54:59","date_gmt":"2017-12-02T06:54:59","guid":{"rendered":"https:\/\/www.palermocityguides.com\/?page_id=710"},"modified":"2018-04-04T06:42:45","modified_gmt":"2018-04-04T04:42:45","slug":"unterstuetzt","status":"publish","type":"page","link":"https:\/\/www.palermocityguides.com\/de\/palermo-city-guides\/unterstuetzt\/","title":{"rendered":"unterst\u00fctzt"},"content":{"rendered":"<p>Im Mittelmeer gehen Boote und Menschen in gro\u00dfer Zahl unter und ertrinken. Viele europ\u00e4ischen L\u00e4nder stellen sich in Bezug auf diese Tatsache taub und wollen sich nicht f\u00fcr die Rettung dieser Menschen einsetzen, weil sie bef\u00fcrchten, dass diese zu ihnen k\u00e4men. Palermo schwimmt gegen den Strom und ver\u00f6ffentlicht die \u201e<strong>Charta von Palermo\u201c<\/strong>, ein Dokument, das sich als Ziel die<strong> Anerkennung der Rechte der Migranten<\/strong> stellt, welches sich auf das Grundrecht auf Leben und W\u00fcrde st\u00fctzt, die jedem Menschen innewohnt. Sowohl die staatlichen Institutionen als auch die Zivilgesellschaft f\u00f6rdern <strong>Unterst\u00fctzungsinitiativen<\/strong> f\u00fcr Migranten, sowie auch f\u00fcr einheimische benachteiligte Kinder oder Jugendliche. Vielen Verb\u00e4nden und Genossenschaften sind vom italienischen Staat beschlagnahmte G\u00fcter, H\u00e4user oder andere Objekte der Mafia auf Zeit \u00fcbereignet worden und diese machen daraus <strong>neue Unternehmen<\/strong>, die legal arbeiten und dazu beitragen, dass die urspr\u00fcnglichen Gegebenheiten oder Qualit\u00e4ten der Landschaft wieder zum Vorschein kommen.<\/p>\n","protected":false},"excerpt":{"rendered":"<p>Im Mittelmeer gehen Boote und Menschen in gro\u00dfer Zahl unter und ertrinken. Viele europ\u00e4ischen L\u00e4nder stellen sich in Bezug auf diese Tatsache taub und wollen sich nicht f\u00fcr die Rettung dieser Menschen einsetzen, weil sie bef\u00fcrchten, dass diese zu ihnen k\u00e4men. Palermo schwimmt gegen den Strom und ver\u00f6ffentlicht die \u201eCharta von Palermo\u201c, ein Dokument, das [&hellip;]<\/p>\n","protected":false},"author":2,"featured_media":853,"parent":279,"menu_order":6,"comment_status":"closed","ping_status":"closed","template":"palermo-sub.php","meta":{"_acf_changed":false,"footnotes":""},"class_list":["post-710","page","type-page","status-publish","has-post-thumbnail","hentry"],"acf":[],"yoast_head":"<!-- This site is optimized with the Yoast SEO plugin v27.4 - https:\/\/yoast.com\/product\/yoast-seo-wordpress\/ -->\n<title>unterst\u00fctzt - Palermo City Guides<\/title>\n<meta name=\"description\" content=\"Palermo sostiene! Nel Mediterraneo si consuma il dramma del naufragio di popoli e speranze e Palermo si contrappone a tante voci\" \/>\n<meta name=\"robots\" content=\"index, follow, max-snippet:-1, max-image-preview:large, max-video-preview:-1\" \/>\n<link rel=\"canonical\" href=\"https:\/\/www.palermocityguides.com\/de\/palermo-city-guides\/unterstuetzt\/\" \/>\n<meta property=\"og:locale\" content=\"de_DE\" \/>\n<meta property=\"og:type\" content=\"article\" \/>\n<meta property=\"og:title\" content=\"unterst\u00fctzt - Palermo City Guides\" \/>\n<meta property=\"og:description\" content=\"Palermo sostiene! Nel Mediterraneo si consuma il dramma del naufragio di popoli e speranze e Palermo si contrappone a tante voci\" \/>\n<meta property=\"og:url\" content=\"https:\/\/www.palermocityguides.com\/de\/palermo-city-guides\/unterstuetzt\/\" \/>\n<meta property=\"og:site_name\" content=\"Palermo City Guides\" \/>\n<meta property=\"article:modified_time\" content=\"2018-04-04T04:42:45+00:00\" \/>\n<meta property=\"og:image\" content=\"https:\/\/storage1045.cdn-immedia.net\/wp-content\/uploads\/2017\/12\/P3190142.jpg\" \/>\n\t<meta property=\"og:image:width\" content=\"1024\" \/>\n\t<meta property=\"og:image:height\" content=\"683\" \/>\n\t<meta property=\"og:image:type\" content=\"image\/jpeg\" \/>\n<meta name=\"twitter:card\" content=\"summary_large_image\" \/>\n<meta name=\"twitter:label1\" content=\"Gesch\u00e4tzte Lesezeit\" \/>\n\t<meta name=\"twitter:data1\" content=\"1\u00a0Minute\" \/>\n<script type=\"application\/ld+json\" class=\"yoast-schema-graph\">{\"@context\":\"https:\\\/\\\/schema.org\",\"@graph\":[{\"@type\":\"WebPage\",\"@id\":\"https:\\\/\\\/www.palermocityguides.com\\\/de\\\/palermo-city-guides\\\/unterstuetzt\\\/\",\"url\":\"https:\\\/\\\/www.palermocityguides.com\\\/de\\\/palermo-city-guides\\\/unterstuetzt\\\/\",\"name\":\"unterst\u00fctzt - Palermo City Guides\",\"isPartOf\":{\"@id\":\"https:\\\/\\\/www.palermocityguides.com\\\/it\\\/#website\"},\"primaryImageOfPage\":{\"@id\":\"https:\\\/\\\/www.palermocityguides.com\\\/de\\\/palermo-city-guides\\\/unterstuetzt\\\/#primaryimage\"},\"image\":{\"@id\":\"https:\\\/\\\/www.palermocityguides.com\\\/de\\\/palermo-city-guides\\\/unterstuetzt\\\/#primaryimage\"},\"thumbnailUrl\":\"https:\\\/\\\/www.palermocityguides.com\\\/wp-content\\\/uploads\\\/2017\\\/12\\\/P3190142.jpg\",\"datePublished\":\"2017-12-02T06:54:59+00:00\",\"dateModified\":\"2018-04-04T04:42:45+00:00\",\"description\":\"Palermo sostiene! Nel Mediterraneo si consuma il dramma del naufragio di popoli e speranze e Palermo si contrappone a tante voci\",\"breadcrumb\":{\"@id\":\"https:\\\/\\\/www.palermocityguides.com\\\/de\\\/palermo-city-guides\\\/unterstuetzt\\\/#breadcrumb\"},\"inLanguage\":\"de\",\"potentialAction\":[{\"@type\":\"ReadAction\",\"target\":[\"https:\\\/\\\/www.palermocityguides.com\\\/de\\\/palermo-city-guides\\\/unterstuetzt\\\/\"]}]},{\"@type\":\"ImageObject\",\"inLanguage\":\"de\",\"@id\":\"https:\\\/\\\/www.palermocityguides.com\\\/de\\\/palermo-city-guides\\\/unterstuetzt\\\/#primaryimage\",\"url\":\"https:\\\/\\\/www.palermocityguides.com\\\/wp-content\\\/uploads\\\/2017\\\/12\\\/P3190142.jpg\",\"contentUrl\":\"https:\\\/\\\/www.palermocityguides.com\\\/wp-content\\\/uploads\\\/2017\\\/12\\\/P3190142.jpg\",\"width\":4608,\"height\":3072,\"caption\":\"ph. Fabio Sgroi\"},{\"@type\":\"BreadcrumbList\",\"@id\":\"https:\\\/\\\/www.palermocityguides.com\\\/de\\\/palermo-city-guides\\\/unterstuetzt\\\/#breadcrumb\",\"itemListElement\":[{\"@type\":\"ListItem\",\"position\":1,\"name\":\"Home\",\"item\":\"https:\\\/\\\/www.palermocityguides.com\\\/de\\\/\"},{\"@type\":\"ListItem\",\"position\":2,\"name\":\"Palermo\",\"item\":\"https:\\\/\\\/www.palermocityguides.com\\\/de\\\/palermo-city-guides\\\/\"},{\"@type\":\"ListItem\",\"position\":3,\"name\":\"unterst\u00fctzt\"}]},{\"@type\":\"WebSite\",\"@id\":\"https:\\\/\\\/www.palermocityguides.com\\\/it\\\/#website\",\"url\":\"https:\\\/\\\/www.palermocityguides.com\\\/it\\\/\",\"name\":\"Palermo City Guides\",\"description\":\"Palermo City Guides\",\"publisher\":{\"@id\":\"https:\\\/\\\/www.palermocityguides.com\\\/it\\\/#organization\"},\"potentialAction\":[{\"@type\":\"SearchAction\",\"target\":{\"@type\":\"EntryPoint\",\"urlTemplate\":\"https:\\\/\\\/www.palermocityguides.com\\\/it\\\/?s={search_term_string}\"},\"query-input\":{\"@type\":\"PropertyValueSpecification\",\"valueRequired\":true,\"valueName\":\"search_term_string\"}}],\"inLanguage\":\"de\"},{\"@type\":\"Organization\",\"@id\":\"https:\\\/\\\/www.palermocityguides.com\\\/it\\\/#organization\",\"name\":\"Palermo City Guides\",\"url\":\"https:\\\/\\\/www.palermocityguides.com\\\/it\\\/\",\"logo\":{\"@type\":\"ImageObject\",\"inLanguage\":\"de\",\"@id\":\"https:\\\/\\\/www.palermocityguides.com\\\/it\\\/#\\\/schema\\\/logo\\\/image\\\/\",\"url\":\"https:\\\/\\\/www.palermocityguides.com\\\/wp-content\\\/uploads\\\/2018\\\/01\\\/logo-palermo-city-guides.png\",\"contentUrl\":\"https:\\\/\\\/www.palermocityguides.com\\\/wp-content\\\/uploads\\\/2018\\\/01\\\/logo-palermo-city-guides.png\",\"width\":562,\"height\":213,\"caption\":\"Palermo City Guides\"},\"image\":{\"@id\":\"https:\\\/\\\/www.palermocityguides.com\\\/it\\\/#\\\/schema\\\/logo\\\/image\\\/\"}}]}<\/script>\n<!-- \/ Yoast SEO plugin. -->","yoast_head_json":{"title":"unterst\u00fctzt - Palermo City Guides","description":"Palermo sostiene! Nel Mediterraneo si consuma il dramma del naufragio di popoli e speranze e Palermo si contrappone a tante voci","robots":{"index":"index","follow":"follow","max-snippet":"max-snippet:-1","max-image-preview":"max-image-preview:large","max-video-preview":"max-video-preview:-1"},"canonical":"https:\/\/www.palermocityguides.com\/de\/palermo-city-guides\/unterstuetzt\/","og_locale":"de_DE","og_type":"article","og_title":"unterst\u00fctzt - Palermo City Guides","og_description":"Palermo sostiene! Nel Mediterraneo si consuma il dramma del naufragio di popoli e speranze e Palermo si contrappone a tante voci","og_url":"https:\/\/www.palermocityguides.com\/de\/palermo-city-guides\/unterstuetzt\/","og_site_name":"Palermo City Guides","article_modified_time":"2018-04-04T04:42:45+00:00","og_image":[{"url":"https:\/\/storage1045.cdn-immedia.net\/wp-content\/uploads\/2017\/12\/P3190142.jpg","width":1024,"height":683,"type":"image\/jpeg"}],"twitter_card":"summary_large_image","twitter_misc":{"Gesch\u00e4tzte Lesezeit":"1\u00a0Minute"},"schema":{"@context":"https:\/\/schema.org","@graph":[{"@type":"WebPage","@id":"https:\/\/www.palermocityguides.com\/de\/palermo-city-guides\/unterstuetzt\/","url":"https:\/\/www.palermocityguides.com\/de\/palermo-city-guides\/unterstuetzt\/","name":"unterst\u00fctzt - Palermo City Guides","isPartOf":{"@id":"https:\/\/www.palermocityguides.com\/it\/#website"},"primaryImageOfPage":{"@id":"https:\/\/www.palermocityguides.com\/de\/palermo-city-guides\/unterstuetzt\/#primaryimage"},"image":{"@id":"https:\/\/www.palermocityguides.com\/de\/palermo-city-guides\/unterstuetzt\/#primaryimage"},"thumbnailUrl":"https:\/\/storage1045.cdn-immedia.net\/wp-content\/uploads\/2017\/12\/P3190142.jpg","datePublished":"2017-12-02T06:54:59+00:00","dateModified":"2018-04-04T04:42:45+00:00","description":"Palermo sostiene! Nel Mediterraneo si consuma il dramma del naufragio di popoli e speranze e Palermo si contrappone a tante voci","breadcrumb":{"@id":"https:\/\/www.palermocityguides.com\/de\/palermo-city-guides\/unterstuetzt\/#breadcrumb"},"inLanguage":"de","potentialAction":[{"@type":"ReadAction","target":["https:\/\/www.palermocityguides.com\/de\/palermo-city-guides\/unterstuetzt\/"]}]},{"@type":"ImageObject","inLanguage":"de","@id":"https:\/\/www.palermocityguides.com\/de\/palermo-city-guides\/unterstuetzt\/#primaryimage","url":"https:\/\/storage1045.cdn-immedia.net\/wp-content\/uploads\/2017\/12\/P3190142.jpg","contentUrl":"https:\/\/storage1045.cdn-immedia.net\/wp-content\/uploads\/2017\/12\/P3190142.jpg","width":4608,"height":3072,"caption":"ph. Fabio Sgroi"},{"@type":"BreadcrumbList","@id":"https:\/\/www.palermocityguides.com\/de\/palermo-city-guides\/unterstuetzt\/#breadcrumb","itemListElement":[{"@type":"ListItem","position":1,"name":"Home","item":"https:\/\/www.palermocityguides.com\/de\/"},{"@type":"ListItem","position":2,"name":"Palermo","item":"https:\/\/www.palermocityguides.com\/de\/palermo-city-guides\/"},{"@type":"ListItem","position":3,"name":"unterst\u00fctzt"}]},{"@type":"WebSite","@id":"https:\/\/www.palermocityguides.com\/it\/#website","url":"https:\/\/www.palermocityguides.com\/it\/","name":"Palermo City Guides","description":"Palermo City Guides","publisher":{"@id":"https:\/\/www.palermocityguides.com\/it\/#organization"},"potentialAction":[{"@type":"SearchAction","target":{"@type":"EntryPoint","urlTemplate":"https:\/\/www.palermocityguides.com\/it\/?s={search_term_string}"},"query-input":{"@type":"PropertyValueSpecification","valueRequired":true,"valueName":"search_term_string"}}],"inLanguage":"de"},{"@type":"Organization","@id":"https:\/\/www.palermocityguides.com\/it\/#organization","name":"Palermo City Guides","url":"https:\/\/www.palermocityguides.com\/it\/","logo":{"@type":"ImageObject","inLanguage":"de","@id":"https:\/\/www.palermocityguides.com\/it\/#\/schema\/logo\/image\/","url":"https:\/\/storage1045.cdn-immedia.net\/wp-content\/uploads\/2018\/01\/logo-palermo-city-guides.png","contentUrl":"https:\/\/storage1045.cdn-immedia.net\/wp-content\/uploads\/2018\/01\/logo-palermo-city-guides.png","width":562,"height":213,"caption":"Palermo City Guides"},"image":{"@id":"https:\/\/www.palermocityguides.com\/it\/#\/schema\/logo\/image\/"}}]}},"_links":{"self":[{"href":"https:\/\/www.palermocityguides.com\/de\/wp-json\/wp\/v2\/pages\/710","targetHints":{"allow":["GET"]}}],"collection":[{"href":"https:\/\/www.palermocityguides.com\/de\/wp-json\/wp\/v2\/pages"}],"about":[{"href":"https:\/\/www.palermocityguides.com\/de\/wp-json\/wp\/v2\/types\/page"}],"author":[{"embeddable":true,"href":"https:\/\/www.palermocityguides.com\/de\/wp-json\/wp\/v2\/users\/2"}],"replies":[{"embeddable":true,"href":"https:\/\/www.palermocityguides.com\/de\/wp-json\/wp\/v2\/comments?post=710"}],"version-history":[{"count":1,"href":"https:\/\/www.palermocityguides.com\/de\/wp-json\/wp\/v2\/pages\/710\/revisions"}],"predecessor-version":[{"id":2453,"href":"https:\/\/www.palermocityguides.com\/de\/wp-json\/wp\/v2\/pages\/710\/revisions\/2453"}],"up":[{"embeddable":true,"href":"https:\/\/www.palermocityguides.com\/de\/wp-json\/wp\/v2\/pages\/279"}],"wp:featuredmedia":[{"embeddable":true,"href":"https:\/\/www.palermocityguides.com\/de\/wp-json\/wp\/v2\/media\/853"}],"wp:attachment":[{"href":"https:\/\/www.palermocityguides.com\/de\/wp-json\/wp\/v2\/media?parent=710"}],"curies":[{"name":"wp","href":"https:\/\/api.w.org\/{rel}","templated":true}]}}