{"id":707,"date":"2017-12-02T07:50:12","date_gmt":"2017-12-02T06:50:12","guid":{"rendered":"https:\/\/www.palermocityguides.com\/?page_id=707"},"modified":"2018-03-07T19:59:34","modified_gmt":"2018-03-07T18:59:34","slug":"kaempft","status":"publish","type":"page","link":"https:\/\/www.palermocityguides.com\/de\/palermo-city-guides\/kaempft\/","title":{"rendered":"k\u00e4mpft"},"content":{"rendered":"<p>Die Stadt Palermo hat auf die Attentate der Mafia auf mutige Richter und Polizisten <strong>reagiert<\/strong>, weil die Einwohner endg\u00fcltig genug hatten von der Kumpanei von Mafia, organisierter Kriminalit\u00e4t und politischem System. Heute bek\u00e4mpft die Stadt auf <strong>vielen Feldern<\/strong> die Illegalit\u00e4t, in dem sie u.a. diejenigen unterst\u00fctzt, die <strong>kein Schutzgeld<\/strong> bezahlen, die <strong>\u00e4rmeren<\/strong> Einwohner <strong>unterst\u00fctzt<\/strong>, und sich in der <strong>Erziehung der Kinder zur Legalit\u00e4t<\/strong> engagiert. Au\u00dferdem hat Palermo seine <strong>eigene Geschichte wieder entdeckt<\/strong> und versucht z.B. die <strong>Aufmerksamkeit<\/strong> der Leute auf die unterentwickelten Viertel <strong>durch<\/strong> die<strong> street art<\/strong> zu lenken.<\/p>\n","protected":false},"excerpt":{"rendered":"<p>Die Stadt Palermo hat auf die Attentate der Mafia auf mutige Richter und Polizisten reagiert, weil die Einwohner endg\u00fcltig genug hatten von der Kumpanei von Mafia, organisierter Kriminalit\u00e4t und politischem System. Heute bek\u00e4mpft die Stadt auf vielen Feldern die Illegalit\u00e4t, in dem sie u.a. diejenigen unterst\u00fctzt, die kein Schutzgeld bezahlen, die \u00e4rmeren Einwohner unterst\u00fctzt, und [&hellip;]<\/p>\n","protected":false},"author":2,"featured_media":1101,"parent":279,"menu_order":5,"comment_status":"closed","ping_status":"closed","template":"palermo-sub.php","meta":{"_acf_changed":false,"footnotes":""},"class_list":["post-707","page","type-page","status-publish","has-post-thumbnail","hentry"],"acf":[],"yoast_head":"<!-- This site is optimized with the Yoast SEO plugin v27.4 - https:\/\/yoast.com\/product\/yoast-seo-wordpress\/ -->\n<title>k\u00e4mpft - Palermo City Guides<\/title>\n<meta name=\"description\" content=\"Palermo lotta! La citt\u00e0 non \u00e8 rimasta a guardare, mentre i suoi figli pi\u00f9 coraggiosi cadevano uccisi dal volere e potere di mafia e politica.\" \/>\n<meta name=\"robots\" content=\"index, follow, max-snippet:-1, max-image-preview:large, max-video-preview:-1\" \/>\n<link rel=\"canonical\" href=\"https:\/\/www.palermocityguides.com\/de\/palermo-city-guides\/kaempft\/\" \/>\n<meta property=\"og:locale\" content=\"de_DE\" \/>\n<meta property=\"og:type\" content=\"article\" \/>\n<meta property=\"og:title\" content=\"k\u00e4mpft - Palermo City Guides\" \/>\n<meta property=\"og:description\" content=\"Palermo lotta! La citt\u00e0 non \u00e8 rimasta a guardare, mentre i suoi figli pi\u00f9 coraggiosi cadevano uccisi dal volere e potere di mafia e politica.\" \/>\n<meta property=\"og:url\" content=\"https:\/\/www.palermocityguides.com\/de\/palermo-city-guides\/kaempft\/\" \/>\n<meta property=\"og:site_name\" content=\"Palermo City Guides\" \/>\n<meta property=\"article:modified_time\" content=\"2018-03-07T18:59:34+00:00\" \/>\n<meta property=\"og:image\" content=\"https:\/\/storage1045.cdn-immedia.net\/wp-content\/uploads\/2017\/12\/Falcone-25-14-new.jpg\" \/>\n\t<meta property=\"og:image:width\" content=\"3008\" \/>\n\t<meta property=\"og:image:height\" content=\"2013\" \/>\n\t<meta property=\"og:image:type\" content=\"image\/jpeg\" \/>\n<meta name=\"twitter:card\" content=\"summary_large_image\" \/>\n<script type=\"application\/ld+json\" class=\"yoast-schema-graph\">{\"@context\":\"https:\\\/\\\/schema.org\",\"@graph\":[{\"@type\":\"WebPage\",\"@id\":\"https:\\\/\\\/www.palermocityguides.com\\\/de\\\/palermo-city-guides\\\/kaempft\\\/\",\"url\":\"https:\\\/\\\/www.palermocityguides.com\\\/de\\\/palermo-city-guides\\\/kaempft\\\/\",\"name\":\"k\u00e4mpft - Palermo City Guides\",\"isPartOf\":{\"@id\":\"https:\\\/\\\/www.palermocityguides.com\\\/it\\\/#website\"},\"primaryImageOfPage\":{\"@id\":\"https:\\\/\\\/www.palermocityguides.com\\\/de\\\/palermo-city-guides\\\/kaempft\\\/#primaryimage\"},\"image\":{\"@id\":\"https:\\\/\\\/www.palermocityguides.com\\\/de\\\/palermo-city-guides\\\/kaempft\\\/#primaryimage\"},\"thumbnailUrl\":\"https:\\\/\\\/www.palermocityguides.com\\\/wp-content\\\/uploads\\\/2017\\\/12\\\/Falcone-25-14-new.jpg\",\"datePublished\":\"2017-12-02T06:50:12+00:00\",\"dateModified\":\"2018-03-07T18:59:34+00:00\",\"description\":\"Palermo lotta! La citt\u00e0 non \u00e8 rimasta a guardare, mentre i suoi figli pi\u00f9 coraggiosi cadevano uccisi dal volere e potere di mafia e politica.\",\"breadcrumb\":{\"@id\":\"https:\\\/\\\/www.palermocityguides.com\\\/de\\\/palermo-city-guides\\\/kaempft\\\/#breadcrumb\"},\"inLanguage\":\"de\",\"potentialAction\":[{\"@type\":\"ReadAction\",\"target\":[\"https:\\\/\\\/www.palermocityguides.com\\\/de\\\/palermo-city-guides\\\/kaempft\\\/\"]}]},{\"@type\":\"ImageObject\",\"inLanguage\":\"de\",\"@id\":\"https:\\\/\\\/www.palermocityguides.com\\\/de\\\/palermo-city-guides\\\/kaempft\\\/#primaryimage\",\"url\":\"https:\\\/\\\/www.palermocityguides.com\\\/wp-content\\\/uploads\\\/2017\\\/12\\\/Falcone-25-14-new.jpg\",\"contentUrl\":\"https:\\\/\\\/www.palermocityguides.com\\\/wp-content\\\/uploads\\\/2017\\\/12\\\/Falcone-25-14-new.jpg\",\"width\":3008,\"height\":2013},{\"@type\":\"BreadcrumbList\",\"@id\":\"https:\\\/\\\/www.palermocityguides.com\\\/de\\\/palermo-city-guides\\\/kaempft\\\/#breadcrumb\",\"itemListElement\":[{\"@type\":\"ListItem\",\"position\":1,\"name\":\"Home\",\"item\":\"https:\\\/\\\/www.palermocityguides.com\\\/de\\\/\"},{\"@type\":\"ListItem\",\"position\":2,\"name\":\"Palermo\",\"item\":\"https:\\\/\\\/www.palermocityguides.com\\\/de\\\/palermo-city-guides\\\/\"},{\"@type\":\"ListItem\",\"position\":3,\"name\":\"k\u00e4mpft\"}]},{\"@type\":\"WebSite\",\"@id\":\"https:\\\/\\\/www.palermocityguides.com\\\/it\\\/#website\",\"url\":\"https:\\\/\\\/www.palermocityguides.com\\\/it\\\/\",\"name\":\"Palermo City Guides\",\"description\":\"Palermo City Guides\",\"publisher\":{\"@id\":\"https:\\\/\\\/www.palermocityguides.com\\\/it\\\/#organization\"},\"potentialAction\":[{\"@type\":\"SearchAction\",\"target\":{\"@type\":\"EntryPoint\",\"urlTemplate\":\"https:\\\/\\\/www.palermocityguides.com\\\/it\\\/?s={search_term_string}\"},\"query-input\":{\"@type\":\"PropertyValueSpecification\",\"valueRequired\":true,\"valueName\":\"search_term_string\"}}],\"inLanguage\":\"de\"},{\"@type\":\"Organization\",\"@id\":\"https:\\\/\\\/www.palermocityguides.com\\\/it\\\/#organization\",\"name\":\"Palermo City Guides\",\"url\":\"https:\\\/\\\/www.palermocityguides.com\\\/it\\\/\",\"logo\":{\"@type\":\"ImageObject\",\"inLanguage\":\"de\",\"@id\":\"https:\\\/\\\/www.palermocityguides.com\\\/it\\\/#\\\/schema\\\/logo\\\/image\\\/\",\"url\":\"https:\\\/\\\/www.palermocityguides.com\\\/wp-content\\\/uploads\\\/2018\\\/01\\\/logo-palermo-city-guides.png\",\"contentUrl\":\"https:\\\/\\\/www.palermocityguides.com\\\/wp-content\\\/uploads\\\/2018\\\/01\\\/logo-palermo-city-guides.png\",\"width\":562,\"height\":213,\"caption\":\"Palermo City Guides\"},\"image\":{\"@id\":\"https:\\\/\\\/www.palermocityguides.com\\\/it\\\/#\\\/schema\\\/logo\\\/image\\\/\"}}]}<\/script>\n<!-- \/ Yoast SEO plugin. -->","yoast_head_json":{"title":"k\u00e4mpft - Palermo City Guides","description":"Palermo lotta! La citt\u00e0 non \u00e8 rimasta a guardare, mentre i suoi figli pi\u00f9 coraggiosi cadevano uccisi dal volere e potere di mafia e politica.","robots":{"index":"index","follow":"follow","max-snippet":"max-snippet:-1","max-image-preview":"max-image-preview:large","max-video-preview":"max-video-preview:-1"},"canonical":"https:\/\/www.palermocityguides.com\/de\/palermo-city-guides\/kaempft\/","og_locale":"de_DE","og_type":"article","og_title":"k\u00e4mpft - Palermo City Guides","og_description":"Palermo lotta! La citt\u00e0 non \u00e8 rimasta a guardare, mentre i suoi figli pi\u00f9 coraggiosi cadevano uccisi dal volere e potere di mafia e politica.","og_url":"https:\/\/www.palermocityguides.com\/de\/palermo-city-guides\/kaempft\/","og_site_name":"Palermo City Guides","article_modified_time":"2018-03-07T18:59:34+00:00","og_image":[{"width":3008,"height":2013,"url":"https:\/\/storage1045.cdn-immedia.net\/wp-content\/uploads\/2017\/12\/Falcone-25-14-new.jpg","type":"image\/jpeg"}],"twitter_card":"summary_large_image","schema":{"@context":"https:\/\/schema.org","@graph":[{"@type":"WebPage","@id":"https:\/\/www.palermocityguides.com\/de\/palermo-city-guides\/kaempft\/","url":"https:\/\/www.palermocityguides.com\/de\/palermo-city-guides\/kaempft\/","name":"k\u00e4mpft - Palermo City Guides","isPartOf":{"@id":"https:\/\/www.palermocityguides.com\/it\/#website"},"primaryImageOfPage":{"@id":"https:\/\/www.palermocityguides.com\/de\/palermo-city-guides\/kaempft\/#primaryimage"},"image":{"@id":"https:\/\/www.palermocityguides.com\/de\/palermo-city-guides\/kaempft\/#primaryimage"},"thumbnailUrl":"https:\/\/storage1045.cdn-immedia.net\/wp-content\/uploads\/2017\/12\/Falcone-25-14-new.jpg","datePublished":"2017-12-02T06:50:12+00:00","dateModified":"2018-03-07T18:59:34+00:00","description":"Palermo lotta! La citt\u00e0 non \u00e8 rimasta a guardare, mentre i suoi figli pi\u00f9 coraggiosi cadevano uccisi dal volere e potere di mafia e politica.","breadcrumb":{"@id":"https:\/\/www.palermocityguides.com\/de\/palermo-city-guides\/kaempft\/#breadcrumb"},"inLanguage":"de","potentialAction":[{"@type":"ReadAction","target":["https:\/\/www.palermocityguides.com\/de\/palermo-city-guides\/kaempft\/"]}]},{"@type":"ImageObject","inLanguage":"de","@id":"https:\/\/www.palermocityguides.com\/de\/palermo-city-guides\/kaempft\/#primaryimage","url":"https:\/\/storage1045.cdn-immedia.net\/wp-content\/uploads\/2017\/12\/Falcone-25-14-new.jpg","contentUrl":"https:\/\/storage1045.cdn-immedia.net\/wp-content\/uploads\/2017\/12\/Falcone-25-14-new.jpg","width":3008,"height":2013},{"@type":"BreadcrumbList","@id":"https:\/\/www.palermocityguides.com\/de\/palermo-city-guides\/kaempft\/#breadcrumb","itemListElement":[{"@type":"ListItem","position":1,"name":"Home","item":"https:\/\/www.palermocityguides.com\/de\/"},{"@type":"ListItem","position":2,"name":"Palermo","item":"https:\/\/www.palermocityguides.com\/de\/palermo-city-guides\/"},{"@type":"ListItem","position":3,"name":"k\u00e4mpft"}]},{"@type":"WebSite","@id":"https:\/\/www.palermocityguides.com\/it\/#website","url":"https:\/\/www.palermocityguides.com\/it\/","name":"Palermo City Guides","description":"Palermo City Guides","publisher":{"@id":"https:\/\/www.palermocityguides.com\/it\/#organization"},"potentialAction":[{"@type":"SearchAction","target":{"@type":"EntryPoint","urlTemplate":"https:\/\/www.palermocityguides.com\/it\/?s={search_term_string}"},"query-input":{"@type":"PropertyValueSpecification","valueRequired":true,"valueName":"search_term_string"}}],"inLanguage":"de"},{"@type":"Organization","@id":"https:\/\/www.palermocityguides.com\/it\/#organization","name":"Palermo City Guides","url":"https:\/\/www.palermocityguides.com\/it\/","logo":{"@type":"ImageObject","inLanguage":"de","@id":"https:\/\/www.palermocityguides.com\/it\/#\/schema\/logo\/image\/","url":"https:\/\/storage1045.cdn-immedia.net\/wp-content\/uploads\/2018\/01\/logo-palermo-city-guides.png","contentUrl":"https:\/\/storage1045.cdn-immedia.net\/wp-content\/uploads\/2018\/01\/logo-palermo-city-guides.png","width":562,"height":213,"caption":"Palermo City Guides"},"image":{"@id":"https:\/\/www.palermocityguides.com\/it\/#\/schema\/logo\/image\/"}}]}},"_links":{"self":[{"href":"https:\/\/www.palermocityguides.com\/de\/wp-json\/wp\/v2\/pages\/707","targetHints":{"allow":["GET"]}}],"collection":[{"href":"https:\/\/www.palermocityguides.com\/de\/wp-json\/wp\/v2\/pages"}],"about":[{"href":"https:\/\/www.palermocityguides.com\/de\/wp-json\/wp\/v2\/types\/page"}],"author":[{"embeddable":true,"href":"https:\/\/www.palermocityguides.com\/de\/wp-json\/wp\/v2\/users\/2"}],"replies":[{"embeddable":true,"href":"https:\/\/www.palermocityguides.com\/de\/wp-json\/wp\/v2\/comments?post=707"}],"version-history":[{"count":2,"href":"https:\/\/www.palermocityguides.com\/de\/wp-json\/wp\/v2\/pages\/707\/revisions"}],"predecessor-version":[{"id":2271,"href":"https:\/\/www.palermocityguides.com\/de\/wp-json\/wp\/v2\/pages\/707\/revisions\/2271"}],"up":[{"embeddable":true,"href":"https:\/\/www.palermocityguides.com\/de\/wp-json\/wp\/v2\/pages\/279"}],"wp:featuredmedia":[{"embeddable":true,"href":"https:\/\/www.palermocityguides.com\/de\/wp-json\/wp\/v2\/media\/1101"}],"wp:attachment":[{"href":"https:\/\/www.palermocityguides.com\/de\/wp-json\/wp\/v2\/media?parent=707"}],"curies":[{"name":"wp","href":"https:\/\/api.w.org\/{rel}","templated":true}]}}