{"id":459,"date":"2017-12-01T11:56:42","date_gmt":"2017-12-01T10:56:42","guid":{"rendered":"https:\/\/www.palermocityguides.com\/?page_id=459"},"modified":"2025-12-18T17:17:13","modified_gmt":"2025-12-18T16:17:13","slug":"gefuehrte-touren-palermo","status":"publish","type":"page","link":"https:\/\/www.palermocityguides.com\/de\/gefuehrte-touren-palermo\/gefuehrte-touren-palermo\/","title":{"rendered":"Gef\u00fchrte Touren"},"content":{"rendered":"<p><strong>Gef\u00fchrte Touren und Besichtigungen in Palermo und Umgebung f\u00fcr Singles, Paare, Familien und kleine Freundesgruppen.<\/strong><br \/>Unsere Stadtf\u00fchrungen richten sich an alle, die Palermo authentisch entdecken m\u00f6chten \u2013 mit erfahrenen lokalen Guides.<\/p>\n<p><strong>Die meisten unserer Touren finden zu Fu\u00df statt<\/strong>, die ideale und nachhaltige Art, die Geschichte, Kultur und Atmosph\u00e4re Palermos hautnah zu erleben.<\/p>\n<p><strong>Auf Anfrage organisieren wir auch Transfers<\/strong>\u00a0mit dem kostenlosen Shuttlebus der Stadt Palermo, mit dem Taxi oder mit dem\u00a0<strong>Ape Calessino<\/strong>\u00a0\u2013 eine originelle und unterhaltsame M\u00f6glichkeit, Palermo auf eine besondere Weise zu erkunden.<\/p>\n\n\n<p><\/p>\n","protected":false},"excerpt":{"rendered":"<p>Gef\u00fchrte Touren und Besichtigungen in Palermo und Umgebung f\u00fcr Singles, Paare, Familien und kleine Freundesgruppen.Unsere Stadtf\u00fchrungen richten sich an alle, die Palermo authentisch entdecken m\u00f6chten \u2013 mit erfahrenen lokalen Guides. Die meisten unserer Touren finden zu Fu\u00df statt, die ideale und nachhaltige Art, die Geschichte, Kultur und Atmosph\u00e4re Palermos hautnah zu erleben. Auf Anfrage organisieren [&hellip;]<\/p>\n","protected":false},"author":2,"featured_media":2375,"parent":1863,"menu_order":3,"comment_status":"closed","ping_status":"closed","template":"itinerari.php","meta":{"_acf_changed":false,"footnotes":""},"class_list":["post-459","page","type-page","status-publish","has-post-thumbnail","hentry"],"acf":[],"yoast_head":"<!-- This site is optimized with the Yoast SEO plugin v27.5 - https:\/\/yoast.com\/product\/yoast-seo-wordpress\/ -->\n<title>Gef\u00fchrte Touren Palermo \u2013 Kultur, Geschichte &amp; Kulinarik erleben<\/title>\n<meta name=\"description\" content=\"Gef\u00fchrte Touren in Palermo: Entdecken Sie Palermo zu Fu\u00df oder mit Ape Calessino. Authentische Erlebnisse mit lokalen Guides.\" \/>\n<meta name=\"robots\" content=\"index, follow, max-snippet:-1, max-image-preview:large, max-video-preview:-1\" \/>\n<link rel=\"canonical\" href=\"https:\/\/www.palermocityguides.com\/de\/gefuehrte-touren-palermo\/gefuehrte-touren-palermo\/\" \/>\n<meta property=\"og:locale\" content=\"de_DE\" \/>\n<meta property=\"og:type\" content=\"article\" \/>\n<meta property=\"og:title\" content=\"Gef\u00fchrte Touren Palermo \u2013 Kultur, Geschichte &amp; Kulinarik erleben\" \/>\n<meta property=\"og:description\" content=\"Gef\u00fchrte Touren in Palermo: Entdecken Sie Palermo zu Fu\u00df oder mit Ape Calessino. Authentische Erlebnisse mit lokalen Guides.\" \/>\n<meta property=\"og:url\" content=\"https:\/\/www.palermocityguides.com\/de\/gefuehrte-touren-palermo\/gefuehrte-touren-palermo\/\" \/>\n<meta property=\"og:site_name\" content=\"Palermo City Guides\" \/>\n<meta property=\"article:modified_time\" content=\"2025-12-18T16:17:13+00:00\" \/>\n<meta property=\"og:image\" content=\"https:\/\/storage1045.cdn-immedia.net\/wp-content\/uploads\/2018\/03\/IMG_20180313_113956.jpg\" \/>\n\t<meta property=\"og:image:width\" content=\"1024\" \/>\n\t<meta property=\"og:image:height\" content=\"768\" \/>\n\t<meta property=\"og:image:type\" content=\"image\/jpeg\" \/>\n<meta name=\"twitter:card\" content=\"summary_large_image\" \/>\n<meta name=\"twitter:label1\" content=\"Gesch\u00e4tzte Lesezeit\" \/>\n\t<meta name=\"twitter:data1\" content=\"1\u00a0Minute\" \/>\n<script type=\"application\/ld+json\" class=\"yoast-schema-graph\">{\"@context\":\"https:\\\/\\\/schema.org\",\"@graph\":[{\"@type\":\"WebPage\",\"@id\":\"https:\\\/\\\/www.palermocityguides.com\\\/de\\\/gefuehrte-touren-palermo\\\/gefuehrte-touren-palermo\\\/\",\"url\":\"https:\\\/\\\/www.palermocityguides.com\\\/de\\\/gefuehrte-touren-palermo\\\/gefuehrte-touren-palermo\\\/\",\"name\":\"Gef\u00fchrte Touren Palermo \u2013 Kultur, Geschichte & Kulinarik erleben\",\"isPartOf\":{\"@id\":\"https:\\\/\\\/www.palermocityguides.com\\\/it\\\/#website\"},\"primaryImageOfPage\":{\"@id\":\"https:\\\/\\\/www.palermocityguides.com\\\/de\\\/gefuehrte-touren-palermo\\\/gefuehrte-touren-palermo\\\/#primaryimage\"},\"image\":{\"@id\":\"https:\\\/\\\/www.palermocityguides.com\\\/de\\\/gefuehrte-touren-palermo\\\/gefuehrte-touren-palermo\\\/#primaryimage\"},\"thumbnailUrl\":\"https:\\\/\\\/www.palermocityguides.com\\\/wp-content\\\/uploads\\\/2018\\\/03\\\/IMG_20180313_113956.jpg\",\"datePublished\":\"2017-12-01T10:56:42+00:00\",\"dateModified\":\"2025-12-18T16:17:13+00:00\",\"description\":\"Gef\u00fchrte Touren in Palermo: Entdecken Sie Palermo zu Fu\u00df oder mit Ape Calessino. Authentische Erlebnisse mit lokalen Guides.\",\"breadcrumb\":{\"@id\":\"https:\\\/\\\/www.palermocityguides.com\\\/de\\\/gefuehrte-touren-palermo\\\/gefuehrte-touren-palermo\\\/#breadcrumb\"},\"inLanguage\":\"de\",\"potentialAction\":[{\"@type\":\"ReadAction\",\"target\":[\"https:\\\/\\\/www.palermocityguides.com\\\/de\\\/gefuehrte-touren-palermo\\\/gefuehrte-touren-palermo\\\/\"]}]},{\"@type\":\"ImageObject\",\"inLanguage\":\"de\",\"@id\":\"https:\\\/\\\/www.palermocityguides.com\\\/de\\\/gefuehrte-touren-palermo\\\/gefuehrte-touren-palermo\\\/#primaryimage\",\"url\":\"https:\\\/\\\/www.palermocityguides.com\\\/wp-content\\\/uploads\\\/2018\\\/03\\\/IMG_20180313_113956.jpg\",\"contentUrl\":\"https:\\\/\\\/www.palermocityguides.com\\\/wp-content\\\/uploads\\\/2018\\\/03\\\/IMG_20180313_113956.jpg\",\"width\":3264,\"height\":2448,\"caption\":\"ph.Gino\"},{\"@type\":\"BreadcrumbList\",\"@id\":\"https:\\\/\\\/www.palermocityguides.com\\\/de\\\/gefuehrte-touren-palermo\\\/gefuehrte-touren-palermo\\\/#breadcrumb\",\"itemListElement\":[{\"@type\":\"ListItem\",\"position\":1,\"name\":\"Home\",\"item\":\"https:\\\/\\\/www.palermocityguides.com\\\/de\\\/\"},{\"@type\":\"ListItem\",\"position\":2,\"name\":\"Unsere Angebote\",\"item\":\"https:\\\/\\\/www.palermocityguides.com\\\/de\\\/gefuehrte-touren-palermo\\\/\"},{\"@type\":\"ListItem\",\"position\":3,\"name\":\"Gef\u00fchrte Touren\"}]},{\"@type\":\"WebSite\",\"@id\":\"https:\\\/\\\/www.palermocityguides.com\\\/it\\\/#website\",\"url\":\"https:\\\/\\\/www.palermocityguides.com\\\/it\\\/\",\"name\":\"Palermo City Guides\",\"description\":\"Palermo City Guides\",\"publisher\":{\"@id\":\"https:\\\/\\\/www.palermocityguides.com\\\/it\\\/#organization\"},\"potentialAction\":[{\"@type\":\"SearchAction\",\"target\":{\"@type\":\"EntryPoint\",\"urlTemplate\":\"https:\\\/\\\/www.palermocityguides.com\\\/it\\\/?s={search_term_string}\"},\"query-input\":{\"@type\":\"PropertyValueSpecification\",\"valueRequired\":true,\"valueName\":\"search_term_string\"}}],\"inLanguage\":\"de\"},{\"@type\":\"Organization\",\"@id\":\"https:\\\/\\\/www.palermocityguides.com\\\/it\\\/#organization\",\"name\":\"Palermo City Guides\",\"url\":\"https:\\\/\\\/www.palermocityguides.com\\\/it\\\/\",\"logo\":{\"@type\":\"ImageObject\",\"inLanguage\":\"de\",\"@id\":\"https:\\\/\\\/www.palermocityguides.com\\\/it\\\/#\\\/schema\\\/logo\\\/image\\\/\",\"url\":\"https:\\\/\\\/www.palermocityguides.com\\\/wp-content\\\/uploads\\\/2018\\\/01\\\/logo-palermo-city-guides.png\",\"contentUrl\":\"https:\\\/\\\/www.palermocityguides.com\\\/wp-content\\\/uploads\\\/2018\\\/01\\\/logo-palermo-city-guides.png\",\"width\":562,\"height\":213,\"caption\":\"Palermo City Guides\"},\"image\":{\"@id\":\"https:\\\/\\\/www.palermocityguides.com\\\/it\\\/#\\\/schema\\\/logo\\\/image\\\/\"}}]}<\/script>\n<!-- \/ Yoast SEO plugin. -->","yoast_head_json":{"title":"Gef\u00fchrte Touren Palermo \u2013 Kultur, Geschichte & Kulinarik erleben","description":"Gef\u00fchrte Touren in Palermo: Entdecken Sie Palermo zu Fu\u00df oder mit Ape Calessino. Authentische Erlebnisse mit lokalen Guides.","robots":{"index":"index","follow":"follow","max-snippet":"max-snippet:-1","max-image-preview":"max-image-preview:large","max-video-preview":"max-video-preview:-1"},"canonical":"https:\/\/www.palermocityguides.com\/de\/gefuehrte-touren-palermo\/gefuehrte-touren-palermo\/","og_locale":"de_DE","og_type":"article","og_title":"Gef\u00fchrte Touren Palermo \u2013 Kultur, Geschichte & Kulinarik erleben","og_description":"Gef\u00fchrte Touren in Palermo: Entdecken Sie Palermo zu Fu\u00df oder mit Ape Calessino. Authentische Erlebnisse mit lokalen Guides.","og_url":"https:\/\/www.palermocityguides.com\/de\/gefuehrte-touren-palermo\/gefuehrte-touren-palermo\/","og_site_name":"Palermo City Guides","article_modified_time":"2025-12-18T16:17:13+00:00","og_image":[{"url":"https:\/\/storage1045.cdn-immedia.net\/wp-content\/uploads\/2018\/03\/IMG_20180313_113956.jpg","width":1024,"height":768,"type":"image\/jpeg"}],"twitter_card":"summary_large_image","twitter_misc":{"Gesch\u00e4tzte Lesezeit":"1\u00a0Minute"},"schema":{"@context":"https:\/\/schema.org","@graph":[{"@type":"WebPage","@id":"https:\/\/www.palermocityguides.com\/de\/gefuehrte-touren-palermo\/gefuehrte-touren-palermo\/","url":"https:\/\/www.palermocityguides.com\/de\/gefuehrte-touren-palermo\/gefuehrte-touren-palermo\/","name":"Gef\u00fchrte Touren Palermo \u2013 Kultur, Geschichte & Kulinarik erleben","isPartOf":{"@id":"https:\/\/www.palermocityguides.com\/it\/#website"},"primaryImageOfPage":{"@id":"https:\/\/www.palermocityguides.com\/de\/gefuehrte-touren-palermo\/gefuehrte-touren-palermo\/#primaryimage"},"image":{"@id":"https:\/\/www.palermocityguides.com\/de\/gefuehrte-touren-palermo\/gefuehrte-touren-palermo\/#primaryimage"},"thumbnailUrl":"https:\/\/storage1045.cdn-immedia.net\/wp-content\/uploads\/2018\/03\/IMG_20180313_113956.jpg","datePublished":"2017-12-01T10:56:42+00:00","dateModified":"2025-12-18T16:17:13+00:00","description":"Gef\u00fchrte Touren in Palermo: Entdecken Sie Palermo zu Fu\u00df oder mit Ape Calessino. Authentische Erlebnisse mit lokalen Guides.","breadcrumb":{"@id":"https:\/\/www.palermocityguides.com\/de\/gefuehrte-touren-palermo\/gefuehrte-touren-palermo\/#breadcrumb"},"inLanguage":"de","potentialAction":[{"@type":"ReadAction","target":["https:\/\/www.palermocityguides.com\/de\/gefuehrte-touren-palermo\/gefuehrte-touren-palermo\/"]}]},{"@type":"ImageObject","inLanguage":"de","@id":"https:\/\/www.palermocityguides.com\/de\/gefuehrte-touren-palermo\/gefuehrte-touren-palermo\/#primaryimage","url":"https:\/\/storage1045.cdn-immedia.net\/wp-content\/uploads\/2018\/03\/IMG_20180313_113956.jpg","contentUrl":"https:\/\/storage1045.cdn-immedia.net\/wp-content\/uploads\/2018\/03\/IMG_20180313_113956.jpg","width":3264,"height":2448,"caption":"ph.Gino"},{"@type":"BreadcrumbList","@id":"https:\/\/www.palermocityguides.com\/de\/gefuehrte-touren-palermo\/gefuehrte-touren-palermo\/#breadcrumb","itemListElement":[{"@type":"ListItem","position":1,"name":"Home","item":"https:\/\/www.palermocityguides.com\/de\/"},{"@type":"ListItem","position":2,"name":"Unsere Angebote","item":"https:\/\/www.palermocityguides.com\/de\/gefuehrte-touren-palermo\/"},{"@type":"ListItem","position":3,"name":"Gef\u00fchrte Touren"}]},{"@type":"WebSite","@id":"https:\/\/www.palermocityguides.com\/it\/#website","url":"https:\/\/www.palermocityguides.com\/it\/","name":"Palermo City Guides","description":"Palermo City Guides","publisher":{"@id":"https:\/\/www.palermocityguides.com\/it\/#organization"},"potentialAction":[{"@type":"SearchAction","target":{"@type":"EntryPoint","urlTemplate":"https:\/\/www.palermocityguides.com\/it\/?s={search_term_string}"},"query-input":{"@type":"PropertyValueSpecification","valueRequired":true,"valueName":"search_term_string"}}],"inLanguage":"de"},{"@type":"Organization","@id":"https:\/\/www.palermocityguides.com\/it\/#organization","name":"Palermo City Guides","url":"https:\/\/www.palermocityguides.com\/it\/","logo":{"@type":"ImageObject","inLanguage":"de","@id":"https:\/\/www.palermocityguides.com\/it\/#\/schema\/logo\/image\/","url":"https:\/\/storage1045.cdn-immedia.net\/wp-content\/uploads\/2018\/01\/logo-palermo-city-guides.png","contentUrl":"https:\/\/storage1045.cdn-immedia.net\/wp-content\/uploads\/2018\/01\/logo-palermo-city-guides.png","width":562,"height":213,"caption":"Palermo City Guides"},"image":{"@id":"https:\/\/www.palermocityguides.com\/it\/#\/schema\/logo\/image\/"}}]}},"_links":{"self":[{"href":"https:\/\/www.palermocityguides.com\/de\/wp-json\/wp\/v2\/pages\/459","targetHints":{"allow":["GET"]}}],"collection":[{"href":"https:\/\/www.palermocityguides.com\/de\/wp-json\/wp\/v2\/pages"}],"about":[{"href":"https:\/\/www.palermocityguides.com\/de\/wp-json\/wp\/v2\/types\/page"}],"author":[{"embeddable":true,"href":"https:\/\/www.palermocityguides.com\/de\/wp-json\/wp\/v2\/users\/2"}],"replies":[{"embeddable":true,"href":"https:\/\/www.palermocityguides.com\/de\/wp-json\/wp\/v2\/comments?post=459"}],"version-history":[{"count":1,"href":"https:\/\/www.palermocityguides.com\/de\/wp-json\/wp\/v2\/pages\/459\/revisions"}],"predecessor-version":[{"id":3546,"href":"https:\/\/www.palermocityguides.com\/de\/wp-json\/wp\/v2\/pages\/459\/revisions\/3546"}],"up":[{"embeddable":true,"href":"https:\/\/www.palermocityguides.com\/de\/wp-json\/wp\/v2\/pages\/1863"}],"wp:featuredmedia":[{"embeddable":true,"href":"https:\/\/www.palermocityguides.com\/de\/wp-json\/wp\/v2\/media\/2375"}],"wp:attachment":[{"href":"https:\/\/www.palermocityguides.com\/de\/wp-json\/wp\/v2\/media?parent=459"}],"curies":[{"name":"wp","href":"https:\/\/api.w.org\/{rel}","templated":true}]}}