{"id":453,"date":"2017-11-30T19:01:08","date_gmt":"2017-11-30T18:01:08","guid":{"rendered":"https:\/\/www.palermocityguides.com\/?page_id=453"},"modified":"2018-03-07T16:51:27","modified_gmt":"2018-03-07T15:51:27","slug":"bekennt","status":"publish","type":"page","link":"https:\/\/www.palermocityguides.com\/de\/palermo-city-guides\/bekennt\/","title":{"rendered":"bekennt"},"content":{"rendered":"<p>Palermo ist die <strong>f\u00fcnftgr\u00f6\u00dfte Stadt Italiens<\/strong>, trotzdem hat es weder seine kulturelle Identit\u00e4t noch seinen Glauben an sich verloren. Die Stadt verehrt die Heilige Rosalia, die <strong>Schutzpatronin<\/strong>. Die Einwohner nehmen an den Prozessionen in der Karwoche teil, sowie auch an den vielen Feste zu Ehren vom Patron des Viertels. Aber Palermo wird auch von einem <strong>schwarzen Patron<\/strong> besch\u00fctzt und von einer <strong>weltlichen Figur<\/strong>, die seine Seele personifizieren soll.<\/p>\n","protected":false},"excerpt":{"rendered":"<p>Palermo ist die f\u00fcnftgr\u00f6\u00dfte Stadt Italiens, trotzdem hat es weder seine kulturelle Identit\u00e4t noch seinen Glauben an sich verloren. Die Stadt verehrt die Heilige Rosalia, die Schutzpatronin. Die Einwohner nehmen an den Prozessionen in der Karwoche teil, sowie auch an den vielen Feste zu Ehren vom Patron des Viertels. Aber Palermo wird auch von einem [&hellip;]<\/p>\n","protected":false},"author":2,"featured_media":975,"parent":279,"menu_order":2,"comment_status":"closed","ping_status":"closed","template":"palermo-sub.php","meta":{"_acf_changed":false,"footnotes":""},"class_list":["post-453","page","type-page","status-publish","has-post-thumbnail","hentry"],"acf":[],"yoast_head":"<!-- This site is optimized with the Yoast SEO plugin v27.4 - https:\/\/yoast.com\/product\/yoast-seo-wordpress\/ -->\n<title>Palermo crede!<\/title>\n<meta name=\"description\" content=\"Palermo crede! Non solo alla patrona Rosalia. Ci sono anche S. Benedetto il Moro, un santo nero, ed un protettore laico, il Genio di Palermo.\" \/>\n<meta name=\"robots\" content=\"index, follow, max-snippet:-1, max-image-preview:large, max-video-preview:-1\" \/>\n<link rel=\"canonical\" href=\"https:\/\/www.palermocityguides.com\/de\/palermo-city-guides\/bekennt\/\" \/>\n<meta property=\"og:locale\" content=\"de_DE\" \/>\n<meta property=\"og:type\" content=\"article\" \/>\n<meta property=\"og:title\" content=\"Palermo crede!\" \/>\n<meta property=\"og:description\" content=\"Palermo crede! Non solo alla patrona Rosalia. Ci sono anche S. Benedetto il Moro, un santo nero, ed un protettore laico, il Genio di Palermo.\" \/>\n<meta property=\"og:url\" content=\"https:\/\/www.palermocityguides.com\/de\/palermo-city-guides\/bekennt\/\" \/>\n<meta property=\"og:site_name\" content=\"Palermo City Guides\" \/>\n<meta property=\"article:modified_time\" content=\"2018-03-07T15:51:27+00:00\" \/>\n<meta property=\"og:image\" content=\"https:\/\/storage1045.cdn-immedia.net\/wp-content\/uploads\/2017\/12\/S-Rosalia_Cattedrale-Pa-11.jpg\" \/>\n\t<meta property=\"og:image:width\" content=\"768\" \/>\n\t<meta property=\"og:image:height\" content=\"1024\" \/>\n\t<meta property=\"og:image:type\" content=\"image\/jpeg\" \/>\n<meta name=\"twitter:card\" content=\"summary_large_image\" \/>\n<script type=\"application\/ld+json\" class=\"yoast-schema-graph\">{\"@context\":\"https:\\\/\\\/schema.org\",\"@graph\":[{\"@type\":\"WebPage\",\"@id\":\"https:\\\/\\\/www.palermocityguides.com\\\/de\\\/palermo-city-guides\\\/bekennt\\\/\",\"url\":\"https:\\\/\\\/www.palermocityguides.com\\\/de\\\/palermo-city-guides\\\/bekennt\\\/\",\"name\":\"Palermo crede!\",\"isPartOf\":{\"@id\":\"https:\\\/\\\/www.palermocityguides.com\\\/it\\\/#website\"},\"primaryImageOfPage\":{\"@id\":\"https:\\\/\\\/www.palermocityguides.com\\\/de\\\/palermo-city-guides\\\/bekennt\\\/#primaryimage\"},\"image\":{\"@id\":\"https:\\\/\\\/www.palermocityguides.com\\\/de\\\/palermo-city-guides\\\/bekennt\\\/#primaryimage\"},\"thumbnailUrl\":\"https:\\\/\\\/www.palermocityguides.com\\\/wp-content\\\/uploads\\\/2017\\\/12\\\/S-Rosalia_Cattedrale-Pa-11.jpg\",\"datePublished\":\"2017-11-30T18:01:08+00:00\",\"dateModified\":\"2018-03-07T15:51:27+00:00\",\"description\":\"Palermo crede! Non solo alla patrona Rosalia. Ci sono anche S. Benedetto il Moro, un santo nero, ed un protettore laico, il Genio di Palermo.\",\"breadcrumb\":{\"@id\":\"https:\\\/\\\/www.palermocityguides.com\\\/de\\\/palermo-city-guides\\\/bekennt\\\/#breadcrumb\"},\"inLanguage\":\"de\",\"potentialAction\":[{\"@type\":\"ReadAction\",\"target\":[\"https:\\\/\\\/www.palermocityguides.com\\\/de\\\/palermo-city-guides\\\/bekennt\\\/\"]}]},{\"@type\":\"ImageObject\",\"inLanguage\":\"de\",\"@id\":\"https:\\\/\\\/www.palermocityguides.com\\\/de\\\/palermo-city-guides\\\/bekennt\\\/#primaryimage\",\"url\":\"https:\\\/\\\/www.palermocityguides.com\\\/wp-content\\\/uploads\\\/2017\\\/12\\\/S-Rosalia_Cattedrale-Pa-11.jpg\",\"contentUrl\":\"https:\\\/\\\/www.palermocityguides.com\\\/wp-content\\\/uploads\\\/2017\\\/12\\\/S-Rosalia_Cattedrale-Pa-11.jpg\",\"width\":3024,\"height\":4032,\"caption\":\"ph. Silvia\"},{\"@type\":\"BreadcrumbList\",\"@id\":\"https:\\\/\\\/www.palermocityguides.com\\\/de\\\/palermo-city-guides\\\/bekennt\\\/#breadcrumb\",\"itemListElement\":[{\"@type\":\"ListItem\",\"position\":1,\"name\":\"Home\",\"item\":\"https:\\\/\\\/www.palermocityguides.com\\\/de\\\/\"},{\"@type\":\"ListItem\",\"position\":2,\"name\":\"Palermo\",\"item\":\"https:\\\/\\\/www.palermocityguides.com\\\/de\\\/palermo-city-guides\\\/\"},{\"@type\":\"ListItem\",\"position\":3,\"name\":\"bekennt\"}]},{\"@type\":\"WebSite\",\"@id\":\"https:\\\/\\\/www.palermocityguides.com\\\/it\\\/#website\",\"url\":\"https:\\\/\\\/www.palermocityguides.com\\\/it\\\/\",\"name\":\"Palermo City Guides\",\"description\":\"Palermo City Guides\",\"publisher\":{\"@id\":\"https:\\\/\\\/www.palermocityguides.com\\\/it\\\/#organization\"},\"potentialAction\":[{\"@type\":\"SearchAction\",\"target\":{\"@type\":\"EntryPoint\",\"urlTemplate\":\"https:\\\/\\\/www.palermocityguides.com\\\/it\\\/?s={search_term_string}\"},\"query-input\":{\"@type\":\"PropertyValueSpecification\",\"valueRequired\":true,\"valueName\":\"search_term_string\"}}],\"inLanguage\":\"de\"},{\"@type\":\"Organization\",\"@id\":\"https:\\\/\\\/www.palermocityguides.com\\\/it\\\/#organization\",\"name\":\"Palermo City Guides\",\"url\":\"https:\\\/\\\/www.palermocityguides.com\\\/it\\\/\",\"logo\":{\"@type\":\"ImageObject\",\"inLanguage\":\"de\",\"@id\":\"https:\\\/\\\/www.palermocityguides.com\\\/it\\\/#\\\/schema\\\/logo\\\/image\\\/\",\"url\":\"https:\\\/\\\/www.palermocityguides.com\\\/wp-content\\\/uploads\\\/2018\\\/01\\\/logo-palermo-city-guides.png\",\"contentUrl\":\"https:\\\/\\\/www.palermocityguides.com\\\/wp-content\\\/uploads\\\/2018\\\/01\\\/logo-palermo-city-guides.png\",\"width\":562,\"height\":213,\"caption\":\"Palermo City Guides\"},\"image\":{\"@id\":\"https:\\\/\\\/www.palermocityguides.com\\\/it\\\/#\\\/schema\\\/logo\\\/image\\\/\"}}]}<\/script>\n<!-- \/ Yoast SEO plugin. -->","yoast_head_json":{"title":"Palermo crede!","description":"Palermo crede! Non solo alla patrona Rosalia. Ci sono anche S. Benedetto il Moro, un santo nero, ed un protettore laico, il Genio di Palermo.","robots":{"index":"index","follow":"follow","max-snippet":"max-snippet:-1","max-image-preview":"max-image-preview:large","max-video-preview":"max-video-preview:-1"},"canonical":"https:\/\/www.palermocityguides.com\/de\/palermo-city-guides\/bekennt\/","og_locale":"de_DE","og_type":"article","og_title":"Palermo crede!","og_description":"Palermo crede! Non solo alla patrona Rosalia. Ci sono anche S. Benedetto il Moro, un santo nero, ed un protettore laico, il Genio di Palermo.","og_url":"https:\/\/www.palermocityguides.com\/de\/palermo-city-guides\/bekennt\/","og_site_name":"Palermo City Guides","article_modified_time":"2018-03-07T15:51:27+00:00","og_image":[{"url":"https:\/\/storage1045.cdn-immedia.net\/wp-content\/uploads\/2017\/12\/S-Rosalia_Cattedrale-Pa-11.jpg","width":768,"height":1024,"type":"image\/jpeg"}],"twitter_card":"summary_large_image","schema":{"@context":"https:\/\/schema.org","@graph":[{"@type":"WebPage","@id":"https:\/\/www.palermocityguides.com\/de\/palermo-city-guides\/bekennt\/","url":"https:\/\/www.palermocityguides.com\/de\/palermo-city-guides\/bekennt\/","name":"Palermo crede!","isPartOf":{"@id":"https:\/\/www.palermocityguides.com\/it\/#website"},"primaryImageOfPage":{"@id":"https:\/\/www.palermocityguides.com\/de\/palermo-city-guides\/bekennt\/#primaryimage"},"image":{"@id":"https:\/\/www.palermocityguides.com\/de\/palermo-city-guides\/bekennt\/#primaryimage"},"thumbnailUrl":"https:\/\/storage1045.cdn-immedia.net\/wp-content\/uploads\/2017\/12\/S-Rosalia_Cattedrale-Pa-11.jpg","datePublished":"2017-11-30T18:01:08+00:00","dateModified":"2018-03-07T15:51:27+00:00","description":"Palermo crede! Non solo alla patrona Rosalia. Ci sono anche S. Benedetto il Moro, un santo nero, ed un protettore laico, il Genio di Palermo.","breadcrumb":{"@id":"https:\/\/www.palermocityguides.com\/de\/palermo-city-guides\/bekennt\/#breadcrumb"},"inLanguage":"de","potentialAction":[{"@type":"ReadAction","target":["https:\/\/www.palermocityguides.com\/de\/palermo-city-guides\/bekennt\/"]}]},{"@type":"ImageObject","inLanguage":"de","@id":"https:\/\/www.palermocityguides.com\/de\/palermo-city-guides\/bekennt\/#primaryimage","url":"https:\/\/storage1045.cdn-immedia.net\/wp-content\/uploads\/2017\/12\/S-Rosalia_Cattedrale-Pa-11.jpg","contentUrl":"https:\/\/storage1045.cdn-immedia.net\/wp-content\/uploads\/2017\/12\/S-Rosalia_Cattedrale-Pa-11.jpg","width":3024,"height":4032,"caption":"ph. Silvia"},{"@type":"BreadcrumbList","@id":"https:\/\/www.palermocityguides.com\/de\/palermo-city-guides\/bekennt\/#breadcrumb","itemListElement":[{"@type":"ListItem","position":1,"name":"Home","item":"https:\/\/www.palermocityguides.com\/de\/"},{"@type":"ListItem","position":2,"name":"Palermo","item":"https:\/\/www.palermocityguides.com\/de\/palermo-city-guides\/"},{"@type":"ListItem","position":3,"name":"bekennt"}]},{"@type":"WebSite","@id":"https:\/\/www.palermocityguides.com\/it\/#website","url":"https:\/\/www.palermocityguides.com\/it\/","name":"Palermo City Guides","description":"Palermo City Guides","publisher":{"@id":"https:\/\/www.palermocityguides.com\/it\/#organization"},"potentialAction":[{"@type":"SearchAction","target":{"@type":"EntryPoint","urlTemplate":"https:\/\/www.palermocityguides.com\/it\/?s={search_term_string}"},"query-input":{"@type":"PropertyValueSpecification","valueRequired":true,"valueName":"search_term_string"}}],"inLanguage":"de"},{"@type":"Organization","@id":"https:\/\/www.palermocityguides.com\/it\/#organization","name":"Palermo City Guides","url":"https:\/\/www.palermocityguides.com\/it\/","logo":{"@type":"ImageObject","inLanguage":"de","@id":"https:\/\/www.palermocityguides.com\/it\/#\/schema\/logo\/image\/","url":"https:\/\/storage1045.cdn-immedia.net\/wp-content\/uploads\/2018\/01\/logo-palermo-city-guides.png","contentUrl":"https:\/\/storage1045.cdn-immedia.net\/wp-content\/uploads\/2018\/01\/logo-palermo-city-guides.png","width":562,"height":213,"caption":"Palermo City Guides"},"image":{"@id":"https:\/\/www.palermocityguides.com\/it\/#\/schema\/logo\/image\/"}}]}},"_links":{"self":[{"href":"https:\/\/www.palermocityguides.com\/de\/wp-json\/wp\/v2\/pages\/453","targetHints":{"allow":["GET"]}}],"collection":[{"href":"https:\/\/www.palermocityguides.com\/de\/wp-json\/wp\/v2\/pages"}],"about":[{"href":"https:\/\/www.palermocityguides.com\/de\/wp-json\/wp\/v2\/types\/page"}],"author":[{"embeddable":true,"href":"https:\/\/www.palermocityguides.com\/de\/wp-json\/wp\/v2\/users\/2"}],"replies":[{"embeddable":true,"href":"https:\/\/www.palermocityguides.com\/de\/wp-json\/wp\/v2\/comments?post=453"}],"version-history":[{"count":1,"href":"https:\/\/www.palermocityguides.com\/de\/wp-json\/wp\/v2\/pages\/453\/revisions"}],"predecessor-version":[{"id":2255,"href":"https:\/\/www.palermocityguides.com\/de\/wp-json\/wp\/v2\/pages\/453\/revisions\/2255"}],"up":[{"embeddable":true,"href":"https:\/\/www.palermocityguides.com\/de\/wp-json\/wp\/v2\/pages\/279"}],"wp:featuredmedia":[{"embeddable":true,"href":"https:\/\/www.palermocityguides.com\/de\/wp-json\/wp\/v2\/media\/975"}],"wp:attachment":[{"href":"https:\/\/www.palermocityguides.com\/de\/wp-json\/wp\/v2\/media?parent=453"}],"curies":[{"name":"wp","href":"https:\/\/api.w.org\/{rel}","templated":true}]}}