{"id":448,"date":"2017-11-30T18:55:53","date_gmt":"2017-11-30T17:55:53","guid":{"rendered":"https:\/\/www.palermocityguides.com\/?page_id=448"},"modified":"2018-03-07T16:47:29","modified_gmt":"2018-03-07T15:47:29","slug":"448-2","status":"publish","type":"page","link":"https:\/\/www.palermocityguides.com\/de\/palermo-city-guides\/448-2\/","title":{"rendered":"ber\u00fchrt"},"content":{"rendered":"<p>Viele <strong>Menschen<\/strong>, die das erste Mal nach Sizilien kommen, sind von der Insel im Herzen des Mittelmeeres ber\u00fchrt und <strong>fasziniert<\/strong>. In besonderer Weise wurden <strong>K\u00fcnstler<\/strong> von ihren Erlebnissen und Begegnungen mit der Insel angeregt, ihre Emotionen \u00fcber die Insel mit verschiedenen k\u00fcnstlerischen Mitteln auszudr\u00fccken.<\/p>\n","protected":false},"excerpt":{"rendered":"<p>Viele Menschen, die das erste Mal nach Sizilien kommen, sind von der Insel im Herzen des Mittelmeeres ber\u00fchrt und fasziniert. In besonderer Weise wurden K\u00fcnstler von ihren Erlebnissen und Begegnungen mit der Insel angeregt, ihre Emotionen \u00fcber die Insel mit verschiedenen k\u00fcnstlerischen Mitteln auszudr\u00fccken.<\/p>\n","protected":false},"author":2,"featured_media":1635,"parent":279,"menu_order":1,"comment_status":"closed","ping_status":"closed","template":"palermo-sub.php","meta":{"_acf_changed":false,"footnotes":""},"class_list":["post-448","page","type-page","status-publish","has-post-thumbnail","hentry"],"acf":[],"yoast_head":"<!-- This site is optimized with the Yoast SEO plugin v27.4 - https:\/\/yoast.com\/product\/yoast-seo-wordpress\/ -->\n<title>ber\u00fchrt - Palermo City Guides<\/title>\n<meta name=\"robots\" content=\"index, follow, max-snippet:-1, max-image-preview:large, max-video-preview:-1\" \/>\n<link rel=\"canonical\" href=\"https:\/\/www.palermocityguides.com\/de\/palermo-city-guides\/448-2\/\" \/>\n<meta property=\"og:locale\" content=\"de_DE\" \/>\n<meta property=\"og:type\" content=\"article\" \/>\n<meta property=\"og:title\" content=\"ber\u00fchrt - Palermo City Guides\" \/>\n<meta property=\"og:description\" content=\"Viele Menschen, die das erste Mal nach Sizilien kommen, sind von der Insel im Herzen des Mittelmeeres ber\u00fchrt und fasziniert. In besonderer Weise wurden K\u00fcnstler von ihren Erlebnissen und Begegnungen mit der Insel angeregt, ihre Emotionen \u00fcber die Insel mit verschiedenen k\u00fcnstlerischen Mitteln auszudr\u00fccken.\" \/>\n<meta property=\"og:url\" content=\"https:\/\/www.palermocityguides.com\/de\/palermo-city-guides\/448-2\/\" \/>\n<meta property=\"og:site_name\" content=\"Palermo City Guides\" \/>\n<meta property=\"article:modified_time\" content=\"2018-03-07T15:47:29+00:00\" \/>\n<meta property=\"og:image\" content=\"https:\/\/storage1045.cdn-immedia.net\/wp-content\/uploads\/2017\/12\/Addaura-1-1.jpg\" \/>\n\t<meta property=\"og:image:width\" content=\"1024\" \/>\n\t<meta property=\"og:image:height\" content=\"768\" \/>\n\t<meta property=\"og:image:type\" content=\"image\/jpeg\" \/>\n<meta name=\"twitter:card\" content=\"summary_large_image\" \/>\n<script type=\"application\/ld+json\" class=\"yoast-schema-graph\">{\"@context\":\"https:\\\/\\\/schema.org\",\"@graph\":[{\"@type\":\"WebPage\",\"@id\":\"https:\\\/\\\/www.palermocityguides.com\\\/de\\\/palermo-city-guides\\\/448-2\\\/\",\"url\":\"https:\\\/\\\/www.palermocityguides.com\\\/de\\\/palermo-city-guides\\\/448-2\\\/\",\"name\":\"ber\u00fchrt - Palermo City Guides\",\"isPartOf\":{\"@id\":\"https:\\\/\\\/www.palermocityguides.com\\\/it\\\/#website\"},\"primaryImageOfPage\":{\"@id\":\"https:\\\/\\\/www.palermocityguides.com\\\/de\\\/palermo-city-guides\\\/448-2\\\/#primaryimage\"},\"image\":{\"@id\":\"https:\\\/\\\/www.palermocityguides.com\\\/de\\\/palermo-city-guides\\\/448-2\\\/#primaryimage\"},\"thumbnailUrl\":\"https:\\\/\\\/www.palermocityguides.com\\\/wp-content\\\/uploads\\\/2017\\\/12\\\/Addaura-1-1.jpg\",\"datePublished\":\"2017-11-30T17:55:53+00:00\",\"dateModified\":\"2018-03-07T15:47:29+00:00\",\"breadcrumb\":{\"@id\":\"https:\\\/\\\/www.palermocityguides.com\\\/de\\\/palermo-city-guides\\\/448-2\\\/#breadcrumb\"},\"inLanguage\":\"de\",\"potentialAction\":[{\"@type\":\"ReadAction\",\"target\":[\"https:\\\/\\\/www.palermocityguides.com\\\/de\\\/palermo-city-guides\\\/448-2\\\/\"]}]},{\"@type\":\"ImageObject\",\"inLanguage\":\"de\",\"@id\":\"https:\\\/\\\/www.palermocityguides.com\\\/de\\\/palermo-city-guides\\\/448-2\\\/#primaryimage\",\"url\":\"https:\\\/\\\/www.palermocityguides.com\\\/wp-content\\\/uploads\\\/2017\\\/12\\\/Addaura-1-1.jpg\",\"contentUrl\":\"https:\\\/\\\/www.palermocityguides.com\\\/wp-content\\\/uploads\\\/2017\\\/12\\\/Addaura-1-1.jpg\",\"width\":4032,\"height\":3024,\"caption\":\"Mediterraneo\"},{\"@type\":\"BreadcrumbList\",\"@id\":\"https:\\\/\\\/www.palermocityguides.com\\\/de\\\/palermo-city-guides\\\/448-2\\\/#breadcrumb\",\"itemListElement\":[{\"@type\":\"ListItem\",\"position\":1,\"name\":\"Home\",\"item\":\"https:\\\/\\\/www.palermocityguides.com\\\/de\\\/\"},{\"@type\":\"ListItem\",\"position\":2,\"name\":\"Palermo\",\"item\":\"https:\\\/\\\/www.palermocityguides.com\\\/de\\\/palermo-city-guides\\\/\"},{\"@type\":\"ListItem\",\"position\":3,\"name\":\"ber\u00fchrt\"}]},{\"@type\":\"WebSite\",\"@id\":\"https:\\\/\\\/www.palermocityguides.com\\\/it\\\/#website\",\"url\":\"https:\\\/\\\/www.palermocityguides.com\\\/it\\\/\",\"name\":\"Palermo City Guides\",\"description\":\"Palermo City Guides\",\"publisher\":{\"@id\":\"https:\\\/\\\/www.palermocityguides.com\\\/it\\\/#organization\"},\"potentialAction\":[{\"@type\":\"SearchAction\",\"target\":{\"@type\":\"EntryPoint\",\"urlTemplate\":\"https:\\\/\\\/www.palermocityguides.com\\\/it\\\/?s={search_term_string}\"},\"query-input\":{\"@type\":\"PropertyValueSpecification\",\"valueRequired\":true,\"valueName\":\"search_term_string\"}}],\"inLanguage\":\"de\"},{\"@type\":\"Organization\",\"@id\":\"https:\\\/\\\/www.palermocityguides.com\\\/it\\\/#organization\",\"name\":\"Palermo City Guides\",\"url\":\"https:\\\/\\\/www.palermocityguides.com\\\/it\\\/\",\"logo\":{\"@type\":\"ImageObject\",\"inLanguage\":\"de\",\"@id\":\"https:\\\/\\\/www.palermocityguides.com\\\/it\\\/#\\\/schema\\\/logo\\\/image\\\/\",\"url\":\"https:\\\/\\\/www.palermocityguides.com\\\/wp-content\\\/uploads\\\/2018\\\/01\\\/logo-palermo-city-guides.png\",\"contentUrl\":\"https:\\\/\\\/www.palermocityguides.com\\\/wp-content\\\/uploads\\\/2018\\\/01\\\/logo-palermo-city-guides.png\",\"width\":562,\"height\":213,\"caption\":\"Palermo City Guides\"},\"image\":{\"@id\":\"https:\\\/\\\/www.palermocityguides.com\\\/it\\\/#\\\/schema\\\/logo\\\/image\\\/\"}}]}<\/script>\n<!-- \/ Yoast SEO plugin. -->","yoast_head_json":{"title":"ber\u00fchrt - Palermo City Guides","robots":{"index":"index","follow":"follow","max-snippet":"max-snippet:-1","max-image-preview":"max-image-preview:large","max-video-preview":"max-video-preview:-1"},"canonical":"https:\/\/www.palermocityguides.com\/de\/palermo-city-guides\/448-2\/","og_locale":"de_DE","og_type":"article","og_title":"ber\u00fchrt - Palermo City Guides","og_description":"Viele Menschen, die das erste Mal nach Sizilien kommen, sind von der Insel im Herzen des Mittelmeeres ber\u00fchrt und fasziniert. In besonderer Weise wurden K\u00fcnstler von ihren Erlebnissen und Begegnungen mit der Insel angeregt, ihre Emotionen \u00fcber die Insel mit verschiedenen k\u00fcnstlerischen Mitteln auszudr\u00fccken.","og_url":"https:\/\/www.palermocityguides.com\/de\/palermo-city-guides\/448-2\/","og_site_name":"Palermo City Guides","article_modified_time":"2018-03-07T15:47:29+00:00","og_image":[{"url":"https:\/\/storage1045.cdn-immedia.net\/wp-content\/uploads\/2017\/12\/Addaura-1-1.jpg","width":1024,"height":768,"type":"image\/jpeg"}],"twitter_card":"summary_large_image","schema":{"@context":"https:\/\/schema.org","@graph":[{"@type":"WebPage","@id":"https:\/\/www.palermocityguides.com\/de\/palermo-city-guides\/448-2\/","url":"https:\/\/www.palermocityguides.com\/de\/palermo-city-guides\/448-2\/","name":"ber\u00fchrt - Palermo City Guides","isPartOf":{"@id":"https:\/\/www.palermocityguides.com\/it\/#website"},"primaryImageOfPage":{"@id":"https:\/\/www.palermocityguides.com\/de\/palermo-city-guides\/448-2\/#primaryimage"},"image":{"@id":"https:\/\/www.palermocityguides.com\/de\/palermo-city-guides\/448-2\/#primaryimage"},"thumbnailUrl":"https:\/\/storage1045.cdn-immedia.net\/wp-content\/uploads\/2017\/12\/Addaura-1-1.jpg","datePublished":"2017-11-30T17:55:53+00:00","dateModified":"2018-03-07T15:47:29+00:00","breadcrumb":{"@id":"https:\/\/www.palermocityguides.com\/de\/palermo-city-guides\/448-2\/#breadcrumb"},"inLanguage":"de","potentialAction":[{"@type":"ReadAction","target":["https:\/\/www.palermocityguides.com\/de\/palermo-city-guides\/448-2\/"]}]},{"@type":"ImageObject","inLanguage":"de","@id":"https:\/\/www.palermocityguides.com\/de\/palermo-city-guides\/448-2\/#primaryimage","url":"https:\/\/storage1045.cdn-immedia.net\/wp-content\/uploads\/2017\/12\/Addaura-1-1.jpg","contentUrl":"https:\/\/storage1045.cdn-immedia.net\/wp-content\/uploads\/2017\/12\/Addaura-1-1.jpg","width":4032,"height":3024,"caption":"Mediterraneo"},{"@type":"BreadcrumbList","@id":"https:\/\/www.palermocityguides.com\/de\/palermo-city-guides\/448-2\/#breadcrumb","itemListElement":[{"@type":"ListItem","position":1,"name":"Home","item":"https:\/\/www.palermocityguides.com\/de\/"},{"@type":"ListItem","position":2,"name":"Palermo","item":"https:\/\/www.palermocityguides.com\/de\/palermo-city-guides\/"},{"@type":"ListItem","position":3,"name":"ber\u00fchrt"}]},{"@type":"WebSite","@id":"https:\/\/www.palermocityguides.com\/it\/#website","url":"https:\/\/www.palermocityguides.com\/it\/","name":"Palermo City Guides","description":"Palermo City Guides","publisher":{"@id":"https:\/\/www.palermocityguides.com\/it\/#organization"},"potentialAction":[{"@type":"SearchAction","target":{"@type":"EntryPoint","urlTemplate":"https:\/\/www.palermocityguides.com\/it\/?s={search_term_string}"},"query-input":{"@type":"PropertyValueSpecification","valueRequired":true,"valueName":"search_term_string"}}],"inLanguage":"de"},{"@type":"Organization","@id":"https:\/\/www.palermocityguides.com\/it\/#organization","name":"Palermo City Guides","url":"https:\/\/www.palermocityguides.com\/it\/","logo":{"@type":"ImageObject","inLanguage":"de","@id":"https:\/\/www.palermocityguides.com\/it\/#\/schema\/logo\/image\/","url":"https:\/\/storage1045.cdn-immedia.net\/wp-content\/uploads\/2018\/01\/logo-palermo-city-guides.png","contentUrl":"https:\/\/storage1045.cdn-immedia.net\/wp-content\/uploads\/2018\/01\/logo-palermo-city-guides.png","width":562,"height":213,"caption":"Palermo City Guides"},"image":{"@id":"https:\/\/www.palermocityguides.com\/it\/#\/schema\/logo\/image\/"}}]}},"_links":{"self":[{"href":"https:\/\/www.palermocityguides.com\/de\/wp-json\/wp\/v2\/pages\/448","targetHints":{"allow":["GET"]}}],"collection":[{"href":"https:\/\/www.palermocityguides.com\/de\/wp-json\/wp\/v2\/pages"}],"about":[{"href":"https:\/\/www.palermocityguides.com\/de\/wp-json\/wp\/v2\/types\/page"}],"author":[{"embeddable":true,"href":"https:\/\/www.palermocityguides.com\/de\/wp-json\/wp\/v2\/users\/2"}],"replies":[{"embeddable":true,"href":"https:\/\/www.palermocityguides.com\/de\/wp-json\/wp\/v2\/comments?post=448"}],"version-history":[{"count":1,"href":"https:\/\/www.palermocityguides.com\/de\/wp-json\/wp\/v2\/pages\/448\/revisions"}],"predecessor-version":[{"id":2254,"href":"https:\/\/www.palermocityguides.com\/de\/wp-json\/wp\/v2\/pages\/448\/revisions\/2254"}],"up":[{"embeddable":true,"href":"https:\/\/www.palermocityguides.com\/de\/wp-json\/wp\/v2\/pages\/279"}],"wp:featuredmedia":[{"embeddable":true,"href":"https:\/\/www.palermocityguides.com\/de\/wp-json\/wp\/v2\/media\/1635"}],"wp:attachment":[{"href":"https:\/\/www.palermocityguides.com\/de\/wp-json\/wp\/v2\/media?parent=448"}],"curies":[{"name":"wp","href":"https:\/\/api.w.org\/{rel}","templated":true}]}}