{"id":1863,"date":"2018-01-26T15:23:46","date_gmt":"2018-01-26T14:23:46","guid":{"rendered":"https:\/\/www.palermocityguides.com\/?page_id=1863"},"modified":"2025-12-17T12:52:26","modified_gmt":"2025-12-17T11:52:26","slug":"gefuehrte-touren-palermo","status":"publish","type":"page","link":"https:\/\/www.palermocityguides.com\/de\/gefuehrte-touren-palermo\/","title":{"rendered":"Unsere Angebote"},"content":{"rendered":"<p>Unsere gef\u00fchrte\u00a0touren in Palermo sind sowohl f\u00fcr Erstbesucher als auch f\u00fcr diejenigen gedacht, die die Stadt<a href=\"https:\/\/www.palermocityguides.com\/de\/palermo\/kaempft\/\"> tiefer kennenlernen<\/a> m\u00f6chten, abseits der typischen Touristenpfade und an authentischen Orten. Dabei kommen sowohl die herausragende gastronomische Tradition als auch die dunkleren Seiten der Stadt, wie die Mafia, nicht zu kurz.<\/p>\n<p>Unsere gef\u00fchrte Touren in Palermo sind f\u00fcr Alleinreisende, Paare, Familien und kleine Freundesgruppen gedacht. Unsere Touren finden haupts\u00e4chlich zu Fu\u00df statt \u2013 die beste Art, die Stadt authentisch und nachhaltig zu erleben.<\/p>\n<p>Auf Anfrage organisieren wir auch Transfers mit dem kostenlosen <a href=\"https:\/\/www.amat.pa.it\/percorsi-e-orari\/\">Shuttlebus der Stadt Palermo<\/a> , Taxi oder ApeCar \u2013 eine originelle und unterhaltsame M\u00f6glichkeit, Palermo aus verschiedenen Perspektiven zu entdecken.<\/p>\n\n\n<p><\/p>\n","protected":false},"excerpt":{"rendered":"<p>Unsere gef\u00fchrte\u00a0touren in Palermo sind sowohl f\u00fcr Erstbesucher als auch f\u00fcr diejenigen gedacht, die die Stadt tiefer kennenlernen m\u00f6chten, abseits der typischen Touristenpfade und an authentischen Orten. Dabei kommen sowohl die herausragende gastronomische Tradition als auch die dunkleren Seiten der Stadt, wie die Mafia, nicht zu kurz. Unsere gef\u00fchrte Touren in Palermo sind f\u00fcr Alleinreisende, [&hellip;]<\/p>\n","protected":false},"author":2,"featured_media":575,"parent":0,"menu_order":6,"comment_status":"closed","ping_status":"closed","template":"itinerari-home.php","meta":{"_acf_changed":false,"footnotes":""},"class_list":["post-1863","page","type-page","status-publish","has-post-thumbnail","hentry"],"acf":[],"yoast_head":"<!-- This site is optimized with the Yoast SEO plugin v27.4 - https:\/\/yoast.com\/product\/yoast-seo-wordpress\/ -->\n<title>Gef\u00fchrte Touren in Palermo: Kultur, Kunst &amp; Kulinarik<\/title>\n<meta name=\"description\" content=\"Gef\u00fchrte Touren Palermo: so entdecken Sie die Stadt zu Fu\u00df: Kirchen, Pal\u00e4ste, Geschichte, Kultur, Kulinarik.\" \/>\n<meta name=\"robots\" content=\"index, follow, max-snippet:-1, max-image-preview:large, max-video-preview:-1\" \/>\n<link rel=\"canonical\" href=\"https:\/\/www.palermocityguides.com\/de\/gefuehrte-touren-palermo\/\" \/>\n<meta property=\"og:locale\" content=\"de_DE\" \/>\n<meta property=\"og:type\" content=\"article\" \/>\n<meta property=\"og:title\" content=\"Gef\u00fchrte Touren in Palermo: Kultur, Kunst &amp; Kulinarik\" \/>\n<meta property=\"og:description\" content=\"Gef\u00fchrte Touren Palermo: so entdecken Sie die Stadt zu Fu\u00df: Kirchen, Pal\u00e4ste, Geschichte, Kultur, Kulinarik.\" \/>\n<meta property=\"og:url\" content=\"https:\/\/www.palermocityguides.com\/de\/gefuehrte-touren-palermo\/\" \/>\n<meta property=\"og:site_name\" content=\"Palermo City Guides\" \/>\n<meta property=\"article:modified_time\" content=\"2025-12-17T11:52:26+00:00\" \/>\n<meta property=\"og:image\" content=\"https:\/\/storage1045.cdn-immedia.net\/wp-content\/uploads\/2017\/10\/Tetti-Monreale-8-luglio-2017-7.jpg\" \/>\n\t<meta property=\"og:image:width\" content=\"1024\" \/>\n\t<meta property=\"og:image:height\" content=\"768\" \/>\n\t<meta property=\"og:image:type\" content=\"image\/jpeg\" \/>\n<meta name=\"twitter:card\" content=\"summary_large_image\" \/>\n<meta name=\"twitter:label1\" content=\"Gesch\u00e4tzte Lesezeit\" \/>\n\t<meta name=\"twitter:data1\" content=\"1\u00a0Minute\" \/>\n<script type=\"application\/ld+json\" class=\"yoast-schema-graph\">{\"@context\":\"https:\\\/\\\/schema.org\",\"@graph\":[{\"@type\":\"WebPage\",\"@id\":\"https:\\\/\\\/www.palermocityguides.com\\\/de\\\/gefuehrte-touren-palermo\\\/\",\"url\":\"https:\\\/\\\/www.palermocityguides.com\\\/de\\\/gefuehrte-touren-palermo\\\/\",\"name\":\"Gef\u00fchrte Touren in Palermo: Kultur, Kunst & Kulinarik\",\"isPartOf\":{\"@id\":\"https:\\\/\\\/www.palermocityguides.com\\\/it\\\/#website\"},\"primaryImageOfPage\":{\"@id\":\"https:\\\/\\\/www.palermocityguides.com\\\/de\\\/gefuehrte-touren-palermo\\\/#primaryimage\"},\"image\":{\"@id\":\"https:\\\/\\\/www.palermocityguides.com\\\/de\\\/gefuehrte-touren-palermo\\\/#primaryimage\"},\"thumbnailUrl\":\"https:\\\/\\\/www.palermocityguides.com\\\/wp-content\\\/uploads\\\/2017\\\/10\\\/Tetti-Monreale-8-luglio-2017-7.jpg\",\"datePublished\":\"2018-01-26T14:23:46+00:00\",\"dateModified\":\"2025-12-17T11:52:26+00:00\",\"description\":\"Gef\u00fchrte Touren Palermo: so entdecken Sie die Stadt zu Fu\u00df: Kirchen, Pal\u00e4ste, Geschichte, Kultur, Kulinarik.\",\"breadcrumb\":{\"@id\":\"https:\\\/\\\/www.palermocityguides.com\\\/de\\\/gefuehrte-touren-palermo\\\/#breadcrumb\"},\"inLanguage\":\"de\",\"potentialAction\":[{\"@type\":\"ReadAction\",\"target\":[\"https:\\\/\\\/www.palermocityguides.com\\\/de\\\/gefuehrte-touren-palermo\\\/\"]}]},{\"@type\":\"ImageObject\",\"inLanguage\":\"de\",\"@id\":\"https:\\\/\\\/www.palermocityguides.com\\\/de\\\/gefuehrte-touren-palermo\\\/#primaryimage\",\"url\":\"https:\\\/\\\/www.palermocityguides.com\\\/wp-content\\\/uploads\\\/2017\\\/10\\\/Tetti-Monreale-8-luglio-2017-7.jpg\",\"contentUrl\":\"https:\\\/\\\/www.palermocityguides.com\\\/wp-content\\\/uploads\\\/2017\\\/10\\\/Tetti-Monreale-8-luglio-2017-7.jpg\",\"width\":4032,\"height\":3024,\"caption\":\"Vista su Palermo dai tetti della Cattedrale\"},{\"@type\":\"BreadcrumbList\",\"@id\":\"https:\\\/\\\/www.palermocityguides.com\\\/de\\\/gefuehrte-touren-palermo\\\/#breadcrumb\",\"itemListElement\":[{\"@type\":\"ListItem\",\"position\":1,\"name\":\"Home\",\"item\":\"https:\\\/\\\/www.palermocityguides.com\\\/de\\\/\"},{\"@type\":\"ListItem\",\"position\":2,\"name\":\"Unsere Angebote\"}]},{\"@type\":\"WebSite\",\"@id\":\"https:\\\/\\\/www.palermocityguides.com\\\/it\\\/#website\",\"url\":\"https:\\\/\\\/www.palermocityguides.com\\\/it\\\/\",\"name\":\"Palermo City Guides\",\"description\":\"Palermo City Guides\",\"publisher\":{\"@id\":\"https:\\\/\\\/www.palermocityguides.com\\\/it\\\/#organization\"},\"potentialAction\":[{\"@type\":\"SearchAction\",\"target\":{\"@type\":\"EntryPoint\",\"urlTemplate\":\"https:\\\/\\\/www.palermocityguides.com\\\/it\\\/?s={search_term_string}\"},\"query-input\":{\"@type\":\"PropertyValueSpecification\",\"valueRequired\":true,\"valueName\":\"search_term_string\"}}],\"inLanguage\":\"de\"},{\"@type\":\"Organization\",\"@id\":\"https:\\\/\\\/www.palermocityguides.com\\\/it\\\/#organization\",\"name\":\"Palermo City Guides\",\"url\":\"https:\\\/\\\/www.palermocityguides.com\\\/it\\\/\",\"logo\":{\"@type\":\"ImageObject\",\"inLanguage\":\"de\",\"@id\":\"https:\\\/\\\/www.palermocityguides.com\\\/it\\\/#\\\/schema\\\/logo\\\/image\\\/\",\"url\":\"https:\\\/\\\/www.palermocityguides.com\\\/wp-content\\\/uploads\\\/2018\\\/01\\\/logo-palermo-city-guides.png\",\"contentUrl\":\"https:\\\/\\\/www.palermocityguides.com\\\/wp-content\\\/uploads\\\/2018\\\/01\\\/logo-palermo-city-guides.png\",\"width\":562,\"height\":213,\"caption\":\"Palermo City Guides\"},\"image\":{\"@id\":\"https:\\\/\\\/www.palermocityguides.com\\\/it\\\/#\\\/schema\\\/logo\\\/image\\\/\"}}]}<\/script>\n<!-- \/ Yoast SEO plugin. -->","yoast_head_json":{"title":"Gef\u00fchrte Touren in Palermo: Kultur, Kunst & Kulinarik","description":"Gef\u00fchrte Touren Palermo: so entdecken Sie die Stadt zu Fu\u00df: Kirchen, Pal\u00e4ste, Geschichte, Kultur, Kulinarik.","robots":{"index":"index","follow":"follow","max-snippet":"max-snippet:-1","max-image-preview":"max-image-preview:large","max-video-preview":"max-video-preview:-1"},"canonical":"https:\/\/www.palermocityguides.com\/de\/gefuehrte-touren-palermo\/","og_locale":"de_DE","og_type":"article","og_title":"Gef\u00fchrte Touren in Palermo: Kultur, Kunst & Kulinarik","og_description":"Gef\u00fchrte Touren Palermo: so entdecken Sie die Stadt zu Fu\u00df: Kirchen, Pal\u00e4ste, Geschichte, Kultur, Kulinarik.","og_url":"https:\/\/www.palermocityguides.com\/de\/gefuehrte-touren-palermo\/","og_site_name":"Palermo City Guides","article_modified_time":"2025-12-17T11:52:26+00:00","og_image":[{"url":"https:\/\/storage1045.cdn-immedia.net\/wp-content\/uploads\/2017\/10\/Tetti-Monreale-8-luglio-2017-7.jpg","width":1024,"height":768,"type":"image\/jpeg"}],"twitter_card":"summary_large_image","twitter_misc":{"Gesch\u00e4tzte Lesezeit":"1\u00a0Minute"},"schema":{"@context":"https:\/\/schema.org","@graph":[{"@type":"WebPage","@id":"https:\/\/www.palermocityguides.com\/de\/gefuehrte-touren-palermo\/","url":"https:\/\/www.palermocityguides.com\/de\/gefuehrte-touren-palermo\/","name":"Gef\u00fchrte Touren in Palermo: Kultur, Kunst & Kulinarik","isPartOf":{"@id":"https:\/\/www.palermocityguides.com\/it\/#website"},"primaryImageOfPage":{"@id":"https:\/\/www.palermocityguides.com\/de\/gefuehrte-touren-palermo\/#primaryimage"},"image":{"@id":"https:\/\/www.palermocityguides.com\/de\/gefuehrte-touren-palermo\/#primaryimage"},"thumbnailUrl":"https:\/\/storage1045.cdn-immedia.net\/wp-content\/uploads\/2017\/10\/Tetti-Monreale-8-luglio-2017-7.jpg","datePublished":"2018-01-26T14:23:46+00:00","dateModified":"2025-12-17T11:52:26+00:00","description":"Gef\u00fchrte Touren Palermo: so entdecken Sie die Stadt zu Fu\u00df: Kirchen, Pal\u00e4ste, Geschichte, Kultur, Kulinarik.","breadcrumb":{"@id":"https:\/\/www.palermocityguides.com\/de\/gefuehrte-touren-palermo\/#breadcrumb"},"inLanguage":"de","potentialAction":[{"@type":"ReadAction","target":["https:\/\/www.palermocityguides.com\/de\/gefuehrte-touren-palermo\/"]}]},{"@type":"ImageObject","inLanguage":"de","@id":"https:\/\/www.palermocityguides.com\/de\/gefuehrte-touren-palermo\/#primaryimage","url":"https:\/\/storage1045.cdn-immedia.net\/wp-content\/uploads\/2017\/10\/Tetti-Monreale-8-luglio-2017-7.jpg","contentUrl":"https:\/\/storage1045.cdn-immedia.net\/wp-content\/uploads\/2017\/10\/Tetti-Monreale-8-luglio-2017-7.jpg","width":4032,"height":3024,"caption":"Vista su Palermo dai tetti della Cattedrale"},{"@type":"BreadcrumbList","@id":"https:\/\/www.palermocityguides.com\/de\/gefuehrte-touren-palermo\/#breadcrumb","itemListElement":[{"@type":"ListItem","position":1,"name":"Home","item":"https:\/\/www.palermocityguides.com\/de\/"},{"@type":"ListItem","position":2,"name":"Unsere Angebote"}]},{"@type":"WebSite","@id":"https:\/\/www.palermocityguides.com\/it\/#website","url":"https:\/\/www.palermocityguides.com\/it\/","name":"Palermo City Guides","description":"Palermo City Guides","publisher":{"@id":"https:\/\/www.palermocityguides.com\/it\/#organization"},"potentialAction":[{"@type":"SearchAction","target":{"@type":"EntryPoint","urlTemplate":"https:\/\/www.palermocityguides.com\/it\/?s={search_term_string}"},"query-input":{"@type":"PropertyValueSpecification","valueRequired":true,"valueName":"search_term_string"}}],"inLanguage":"de"},{"@type":"Organization","@id":"https:\/\/www.palermocityguides.com\/it\/#organization","name":"Palermo City Guides","url":"https:\/\/www.palermocityguides.com\/it\/","logo":{"@type":"ImageObject","inLanguage":"de","@id":"https:\/\/www.palermocityguides.com\/it\/#\/schema\/logo\/image\/","url":"https:\/\/storage1045.cdn-immedia.net\/wp-content\/uploads\/2018\/01\/logo-palermo-city-guides.png","contentUrl":"https:\/\/storage1045.cdn-immedia.net\/wp-content\/uploads\/2018\/01\/logo-palermo-city-guides.png","width":562,"height":213,"caption":"Palermo City Guides"},"image":{"@id":"https:\/\/www.palermocityguides.com\/it\/#\/schema\/logo\/image\/"}}]}},"_links":{"self":[{"href":"https:\/\/www.palermocityguides.com\/de\/wp-json\/wp\/v2\/pages\/1863","targetHints":{"allow":["GET"]}}],"collection":[{"href":"https:\/\/www.palermocityguides.com\/de\/wp-json\/wp\/v2\/pages"}],"about":[{"href":"https:\/\/www.palermocityguides.com\/de\/wp-json\/wp\/v2\/types\/page"}],"author":[{"embeddable":true,"href":"https:\/\/www.palermocityguides.com\/de\/wp-json\/wp\/v2\/users\/2"}],"replies":[{"embeddable":true,"href":"https:\/\/www.palermocityguides.com\/de\/wp-json\/wp\/v2\/comments?post=1863"}],"version-history":[{"count":1,"href":"https:\/\/www.palermocityguides.com\/de\/wp-json\/wp\/v2\/pages\/1863\/revisions"}],"predecessor-version":[{"id":3366,"href":"https:\/\/www.palermocityguides.com\/de\/wp-json\/wp\/v2\/pages\/1863\/revisions\/3366"}],"wp:featuredmedia":[{"embeddable":true,"href":"https:\/\/www.palermocityguides.com\/de\/wp-json\/wp\/v2\/media\/575"}],"wp:attachment":[{"href":"https:\/\/www.palermocityguides.com\/de\/wp-json\/wp\/v2\/media?parent=1863"}],"curies":[{"name":"wp","href":"https:\/\/api.w.org\/{rel}","templated":true}]}}