{"id":1150,"date":"2017-12-11T13:10:51","date_gmt":"2017-12-11T12:10:51","guid":{"rendered":"https:\/\/www.palermocityguides.com\/?page_id=1150"},"modified":"2025-12-17T18:26:48","modified_gmt":"2025-12-17T17:26:48","slug":"gefuehrte-besichtigungen","status":"publish","type":"page","link":"https:\/\/www.palermocityguides.com\/de\/gefuehrte-touren-palermo\/gefuehrte-besichtigungen\/","title":{"rendered":"Gef\u00fchrte Besichtigungen"},"content":{"rendered":"\n<p>Gef\u00fchrte Besichtigungen k\u00f6nnen sehr interessant sein. Wenn Sie bereits durch die Stra\u00dfen von Palermo spaziert sind und die besondere Atmosph\u00e4re der Stadt erlebt haben, aber\u00a0<strong>ein besonderes Interesse an spezifischen historischen oder k\u00fcnstlerischen Aspekten<\/strong>\u00a0der Stadt haben, bietet\u00a0<strong>Palermo City Guides<\/strong>\u00a0auch\u00a0<strong>gezielte F\u00fchrungen zu einzelnen Monumenten<\/strong>\u00a0im historischen Zentrum an.<\/p>\n\n\n\n<p>Beispielsweise k\u00f6nnen wir uns der&nbsp;<strong>arabisch-normannischen Geschichte Palermos<\/strong>&nbsp;widmen, indem wir den&nbsp;<strong>K\u00f6nigspalast (Palazzo Reale \/ Palazzo dei Normanni)<\/strong>&nbsp;besuchen und die Details der Mosaiken der ber\u00fchmten&nbsp;<strong>Cappella Palatina<\/strong>&nbsp;erkunden.<\/p>\n\n\n\n<p>Oder wir entdecken einen\u00a0<strong>barocken Palast des 18. Jahrhunderts<\/strong>, wie den\u00a0<strong>Palazzo Butera<\/strong>, der einst einer der sizilianischen Adelsfamilien geh\u00f6rte und k\u00fcrzlich restauriert und als Museum f\u00fcr die\u00a0<strong>Valsecchi-Kunstsammlung<\/strong>\u00a0er\u00f6ffnet wurde. Weitere Gef\u00fchrte Besichtigungen k\u00f6nnen wir gerne zusammen organisieren. <\/p>\n\n\n\n<p><strong>Erfahren Sie mehr, indem Sie hier klicken.<\/strong><\/p>\n","protected":false},"excerpt":{"rendered":"<p>Gef\u00fchrte Besichtigungen k\u00f6nnen sehr interessant sein. Wenn Sie bereits durch die Stra\u00dfen von Palermo spaziert sind und die besondere Atmosph\u00e4re der Stadt erlebt haben, aber\u00a0ein besonderes Interesse an spezifischen historischen oder k\u00fcnstlerischen Aspekten\u00a0der Stadt haben, bietet\u00a0Palermo City Guides\u00a0auch\u00a0gezielte F\u00fchrungen zu einzelnen Monumenten\u00a0im historischen Zentrum an. Beispielsweise k\u00f6nnen wir uns der&nbsp;arabisch-normannischen Geschichte Palermos&nbsp;widmen, indem wir den&nbsp;K\u00f6nigspalast [&hellip;]<\/p>\n","protected":false},"author":2,"featured_media":701,"parent":1863,"menu_order":5,"comment_status":"closed","ping_status":"closed","template":"itinerari.php","meta":{"_acf_changed":false,"footnotes":""},"class_list":["post-1150","page","type-page","status-publish","has-post-thumbnail","hentry"],"acf":[],"yoast_head":"<!-- This site is optimized with the Yoast SEO plugin v27.4 - https:\/\/yoast.com\/product\/yoast-seo-wordpress\/ -->\n<title>Gef\u00fchrte Besichtigungen<\/title>\n<meta name=\"description\" content=\"Entdecken Sie Palermos historische Monumente mit gef\u00fchrten Besichtigungen: Pal\u00e4ste, Kirchen, Museen und weitere Highlights im Zentrum.\" \/>\n<meta name=\"robots\" content=\"index, follow, max-snippet:-1, max-image-preview:large, max-video-preview:-1\" \/>\n<link rel=\"canonical\" href=\"https:\/\/www.palermocityguides.com\/de\/gefuehrte-touren-palermo\/gefuehrte-besichtigungen\/\" \/>\n<meta property=\"og:locale\" content=\"de_DE\" \/>\n<meta property=\"og:type\" content=\"article\" \/>\n<meta property=\"og:title\" content=\"Gef\u00fchrte Besichtigungen\" \/>\n<meta property=\"og:description\" content=\"Entdecken Sie Palermos historische Monumente mit gef\u00fchrten Besichtigungen: Pal\u00e4ste, Kirchen, Museen und weitere Highlights im Zentrum.\" \/>\n<meta property=\"og:url\" content=\"https:\/\/www.palermocityguides.com\/de\/gefuehrte-touren-palermo\/gefuehrte-besichtigungen\/\" \/>\n<meta property=\"og:site_name\" content=\"Palermo City Guides\" \/>\n<meta property=\"article:modified_time\" content=\"2025-12-17T17:26:48+00:00\" \/>\n<meta property=\"og:image\" content=\"https:\/\/storage1045.cdn-immedia.net\/wp-content\/uploads\/2017\/10\/Pretoria-19_09_2017-553.jpg\" \/>\n\t<meta property=\"og:image:width\" content=\"4032\" \/>\n\t<meta property=\"og:image:height\" content=\"3024\" \/>\n\t<meta property=\"og:image:type\" content=\"image\/jpeg\" \/>\n<meta name=\"twitter:card\" content=\"summary_large_image\" \/>\n<meta name=\"twitter:label1\" content=\"Gesch\u00e4tzte Lesezeit\" \/>\n\t<meta name=\"twitter:data1\" content=\"1\u00a0Minute\" \/>\n<script type=\"application\/ld+json\" class=\"yoast-schema-graph\">{\"@context\":\"https:\\\/\\\/schema.org\",\"@graph\":[{\"@type\":\"WebPage\",\"@id\":\"https:\\\/\\\/www.palermocityguides.com\\\/de\\\/gefuehrte-touren-palermo\\\/gefuehrte-besichtigungen\\\/\",\"url\":\"https:\\\/\\\/www.palermocityguides.com\\\/de\\\/gefuehrte-touren-palermo\\\/gefuehrte-besichtigungen\\\/\",\"name\":\"Gef\u00fchrte Besichtigungen\",\"isPartOf\":{\"@id\":\"https:\\\/\\\/www.palermocityguides.com\\\/it\\\/#website\"},\"primaryImageOfPage\":{\"@id\":\"https:\\\/\\\/www.palermocityguides.com\\\/de\\\/gefuehrte-touren-palermo\\\/gefuehrte-besichtigungen\\\/#primaryimage\"},\"image\":{\"@id\":\"https:\\\/\\\/www.palermocityguides.com\\\/de\\\/gefuehrte-touren-palermo\\\/gefuehrte-besichtigungen\\\/#primaryimage\"},\"thumbnailUrl\":\"https:\\\/\\\/www.palermocityguides.com\\\/wp-content\\\/uploads\\\/2017\\\/10\\\/Pretoria-19_09_2017-553.jpg\",\"datePublished\":\"2017-12-11T12:10:51+00:00\",\"dateModified\":\"2025-12-17T17:26:48+00:00\",\"description\":\"Entdecken Sie Palermos historische Monumente mit gef\u00fchrten Besichtigungen: Pal\u00e4ste, Kirchen, Museen und weitere Highlights im Zentrum.\",\"breadcrumb\":{\"@id\":\"https:\\\/\\\/www.palermocityguides.com\\\/de\\\/gefuehrte-touren-palermo\\\/gefuehrte-besichtigungen\\\/#breadcrumb\"},\"inLanguage\":\"de\",\"potentialAction\":[{\"@type\":\"ReadAction\",\"target\":[\"https:\\\/\\\/www.palermocityguides.com\\\/de\\\/gefuehrte-touren-palermo\\\/gefuehrte-besichtigungen\\\/\"]}]},{\"@type\":\"ImageObject\",\"inLanguage\":\"de\",\"@id\":\"https:\\\/\\\/www.palermocityguides.com\\\/de\\\/gefuehrte-touren-palermo\\\/gefuehrte-besichtigungen\\\/#primaryimage\",\"url\":\"https:\\\/\\\/www.palermocityguides.com\\\/wp-content\\\/uploads\\\/2017\\\/10\\\/Pretoria-19_09_2017-553.jpg\",\"contentUrl\":\"https:\\\/\\\/www.palermocityguides.com\\\/wp-content\\\/uploads\\\/2017\\\/10\\\/Pretoria-19_09_2017-553.jpg\",\"width\":4032,\"height\":3024,\"caption\":\"ph. Silvia\"},{\"@type\":\"BreadcrumbList\",\"@id\":\"https:\\\/\\\/www.palermocityguides.com\\\/de\\\/gefuehrte-touren-palermo\\\/gefuehrte-besichtigungen\\\/#breadcrumb\",\"itemListElement\":[{\"@type\":\"ListItem\",\"position\":1,\"name\":\"Home\",\"item\":\"https:\\\/\\\/www.palermocityguides.com\\\/de\\\/\"},{\"@type\":\"ListItem\",\"position\":2,\"name\":\"Unsere Angebote\",\"item\":\"https:\\\/\\\/www.palermocityguides.com\\\/de\\\/gefuehrte-touren-palermo\\\/\"},{\"@type\":\"ListItem\",\"position\":3,\"name\":\"Gef\u00fchrte Besichtigungen\"}]},{\"@type\":\"WebSite\",\"@id\":\"https:\\\/\\\/www.palermocityguides.com\\\/it\\\/#website\",\"url\":\"https:\\\/\\\/www.palermocityguides.com\\\/it\\\/\",\"name\":\"Palermo City Guides\",\"description\":\"Palermo City Guides\",\"publisher\":{\"@id\":\"https:\\\/\\\/www.palermocityguides.com\\\/it\\\/#organization\"},\"potentialAction\":[{\"@type\":\"SearchAction\",\"target\":{\"@type\":\"EntryPoint\",\"urlTemplate\":\"https:\\\/\\\/www.palermocityguides.com\\\/it\\\/?s={search_term_string}\"},\"query-input\":{\"@type\":\"PropertyValueSpecification\",\"valueRequired\":true,\"valueName\":\"search_term_string\"}}],\"inLanguage\":\"de\"},{\"@type\":\"Organization\",\"@id\":\"https:\\\/\\\/www.palermocityguides.com\\\/it\\\/#organization\",\"name\":\"Palermo City Guides\",\"url\":\"https:\\\/\\\/www.palermocityguides.com\\\/it\\\/\",\"logo\":{\"@type\":\"ImageObject\",\"inLanguage\":\"de\",\"@id\":\"https:\\\/\\\/www.palermocityguides.com\\\/it\\\/#\\\/schema\\\/logo\\\/image\\\/\",\"url\":\"https:\\\/\\\/www.palermocityguides.com\\\/wp-content\\\/uploads\\\/2018\\\/01\\\/logo-palermo-city-guides.png\",\"contentUrl\":\"https:\\\/\\\/www.palermocityguides.com\\\/wp-content\\\/uploads\\\/2018\\\/01\\\/logo-palermo-city-guides.png\",\"width\":562,\"height\":213,\"caption\":\"Palermo City Guides\"},\"image\":{\"@id\":\"https:\\\/\\\/www.palermocityguides.com\\\/it\\\/#\\\/schema\\\/logo\\\/image\\\/\"}}]}<\/script>\n<!-- \/ Yoast SEO plugin. -->","yoast_head_json":{"title":"Gef\u00fchrte Besichtigungen","description":"Entdecken Sie Palermos historische Monumente mit gef\u00fchrten Besichtigungen: Pal\u00e4ste, Kirchen, Museen und weitere Highlights im Zentrum.","robots":{"index":"index","follow":"follow","max-snippet":"max-snippet:-1","max-image-preview":"max-image-preview:large","max-video-preview":"max-video-preview:-1"},"canonical":"https:\/\/www.palermocityguides.com\/de\/gefuehrte-touren-palermo\/gefuehrte-besichtigungen\/","og_locale":"de_DE","og_type":"article","og_title":"Gef\u00fchrte Besichtigungen","og_description":"Entdecken Sie Palermos historische Monumente mit gef\u00fchrten Besichtigungen: Pal\u00e4ste, Kirchen, Museen und weitere Highlights im Zentrum.","og_url":"https:\/\/www.palermocityguides.com\/de\/gefuehrte-touren-palermo\/gefuehrte-besichtigungen\/","og_site_name":"Palermo City Guides","article_modified_time":"2025-12-17T17:26:48+00:00","og_image":[{"width":4032,"height":3024,"url":"https:\/\/storage1045.cdn-immedia.net\/wp-content\/uploads\/2017\/10\/Pretoria-19_09_2017-553.jpg","type":"image\/jpeg"}],"twitter_card":"summary_large_image","twitter_misc":{"Gesch\u00e4tzte Lesezeit":"1\u00a0Minute"},"schema":{"@context":"https:\/\/schema.org","@graph":[{"@type":"WebPage","@id":"https:\/\/www.palermocityguides.com\/de\/gefuehrte-touren-palermo\/gefuehrte-besichtigungen\/","url":"https:\/\/www.palermocityguides.com\/de\/gefuehrte-touren-palermo\/gefuehrte-besichtigungen\/","name":"Gef\u00fchrte Besichtigungen","isPartOf":{"@id":"https:\/\/www.palermocityguides.com\/it\/#website"},"primaryImageOfPage":{"@id":"https:\/\/www.palermocityguides.com\/de\/gefuehrte-touren-palermo\/gefuehrte-besichtigungen\/#primaryimage"},"image":{"@id":"https:\/\/www.palermocityguides.com\/de\/gefuehrte-touren-palermo\/gefuehrte-besichtigungen\/#primaryimage"},"thumbnailUrl":"https:\/\/storage1045.cdn-immedia.net\/wp-content\/uploads\/2017\/10\/Pretoria-19_09_2017-553.jpg","datePublished":"2017-12-11T12:10:51+00:00","dateModified":"2025-12-17T17:26:48+00:00","description":"Entdecken Sie Palermos historische Monumente mit gef\u00fchrten Besichtigungen: Pal\u00e4ste, Kirchen, Museen und weitere Highlights im Zentrum.","breadcrumb":{"@id":"https:\/\/www.palermocityguides.com\/de\/gefuehrte-touren-palermo\/gefuehrte-besichtigungen\/#breadcrumb"},"inLanguage":"de","potentialAction":[{"@type":"ReadAction","target":["https:\/\/www.palermocityguides.com\/de\/gefuehrte-touren-palermo\/gefuehrte-besichtigungen\/"]}]},{"@type":"ImageObject","inLanguage":"de","@id":"https:\/\/www.palermocityguides.com\/de\/gefuehrte-touren-palermo\/gefuehrte-besichtigungen\/#primaryimage","url":"https:\/\/storage1045.cdn-immedia.net\/wp-content\/uploads\/2017\/10\/Pretoria-19_09_2017-553.jpg","contentUrl":"https:\/\/storage1045.cdn-immedia.net\/wp-content\/uploads\/2017\/10\/Pretoria-19_09_2017-553.jpg","width":4032,"height":3024,"caption":"ph. Silvia"},{"@type":"BreadcrumbList","@id":"https:\/\/www.palermocityguides.com\/de\/gefuehrte-touren-palermo\/gefuehrte-besichtigungen\/#breadcrumb","itemListElement":[{"@type":"ListItem","position":1,"name":"Home","item":"https:\/\/www.palermocityguides.com\/de\/"},{"@type":"ListItem","position":2,"name":"Unsere Angebote","item":"https:\/\/www.palermocityguides.com\/de\/gefuehrte-touren-palermo\/"},{"@type":"ListItem","position":3,"name":"Gef\u00fchrte Besichtigungen"}]},{"@type":"WebSite","@id":"https:\/\/www.palermocityguides.com\/it\/#website","url":"https:\/\/www.palermocityguides.com\/it\/","name":"Palermo City Guides","description":"Palermo City Guides","publisher":{"@id":"https:\/\/www.palermocityguides.com\/it\/#organization"},"potentialAction":[{"@type":"SearchAction","target":{"@type":"EntryPoint","urlTemplate":"https:\/\/www.palermocityguides.com\/it\/?s={search_term_string}"},"query-input":{"@type":"PropertyValueSpecification","valueRequired":true,"valueName":"search_term_string"}}],"inLanguage":"de"},{"@type":"Organization","@id":"https:\/\/www.palermocityguides.com\/it\/#organization","name":"Palermo City Guides","url":"https:\/\/www.palermocityguides.com\/it\/","logo":{"@type":"ImageObject","inLanguage":"de","@id":"https:\/\/www.palermocityguides.com\/it\/#\/schema\/logo\/image\/","url":"https:\/\/storage1045.cdn-immedia.net\/wp-content\/uploads\/2018\/01\/logo-palermo-city-guides.png","contentUrl":"https:\/\/storage1045.cdn-immedia.net\/wp-content\/uploads\/2018\/01\/logo-palermo-city-guides.png","width":562,"height":213,"caption":"Palermo City Guides"},"image":{"@id":"https:\/\/www.palermocityguides.com\/it\/#\/schema\/logo\/image\/"}}]}},"_links":{"self":[{"href":"https:\/\/www.palermocityguides.com\/de\/wp-json\/wp\/v2\/pages\/1150","targetHints":{"allow":["GET"]}}],"collection":[{"href":"https:\/\/www.palermocityguides.com\/de\/wp-json\/wp\/v2\/pages"}],"about":[{"href":"https:\/\/www.palermocityguides.com\/de\/wp-json\/wp\/v2\/types\/page"}],"author":[{"embeddable":true,"href":"https:\/\/www.palermocityguides.com\/de\/wp-json\/wp\/v2\/users\/2"}],"replies":[{"embeddable":true,"href":"https:\/\/www.palermocityguides.com\/de\/wp-json\/wp\/v2\/comments?post=1150"}],"version-history":[{"count":1,"href":"https:\/\/www.palermocityguides.com\/de\/wp-json\/wp\/v2\/pages\/1150\/revisions"}],"predecessor-version":[{"id":3415,"href":"https:\/\/www.palermocityguides.com\/de\/wp-json\/wp\/v2\/pages\/1150\/revisions\/3415"}],"up":[{"embeddable":true,"href":"https:\/\/www.palermocityguides.com\/de\/wp-json\/wp\/v2\/pages\/1863"}],"wp:featuredmedia":[{"embeddable":true,"href":"https:\/\/www.palermocityguides.com\/de\/wp-json\/wp\/v2\/media\/701"}],"wp:attachment":[{"href":"https:\/\/www.palermocityguides.com\/de\/wp-json\/wp\/v2\/media?parent=1150"}],"curies":[{"name":"wp","href":"https:\/\/api.w.org\/{rel}","templated":true}]}}