{"id":111,"date":"2017-10-23T12:02:04","date_gmt":"2017-10-23T10:02:04","guid":{"rendered":"https:\/\/www.palermocityguides.com\/?page_id=111"},"modified":"2025-12-15T14:49:11","modified_gmt":"2025-12-15T13:49:11","slug":"ueber-uns","status":"publish","type":"page","link":"https:\/\/www.palermocityguides.com\/de\/ueber-uns\/","title":{"rendered":"\u00dcber uns"},"content":{"rendered":"<div class=\"relative basis-auto flex-col -mb-(--composer-overlap-px) [--composer-overlap-px:28px] grow flex\">\n<div class=\"flex flex-col text-sm @w-xl\/main:pt-header-height pb-25\">\n<article class=\"text-token-text-primary w-full focus:outline-none [--shadow-height:45px] has-data-writing-block:pointer-events-none has-data-writing-block:-mt-(--shadow-height) has-data-writing-block:pt-(--shadow-height) [&amp;:has([data-writing-block])&gt;*]:pointer-events-auto scroll-mt-[calc(var(--header-height)+min(200px,max(70px,20svh)))]\" dir=\"auto\" tabindex=\"-1\" data-turn-id=\"request-WEB:8f228fbf-3666-4452-9163-f9fe70d733c2-1\" data-testid=\"conversation-turn-4\" data-scroll-anchor=\"true\" data-turn=\"assistant\">\n<div class=\"text-base my-auto mx-auto pb-10 [--thread-content-margin:--spacing(4)] @w-sm\/main:[--thread-content-margin:--spacing(6)] @w-lg\/main:[--thread-content-margin:--spacing(16)] px-(--thread-content-margin)\">\n<div class=\"[--thread-content-max-width:40rem] @w-lg\/main:[--thread-content-max-width:48rem] mx-auto max-w-(--thread-content-max-width) flex-1 group\/turn-messages focus-visible:outline-hidden relative flex w-full min-w-0 flex-col agent-turn\" tabindex=\"-1\">\n<div class=\"flex max-w-full flex-col grow\">\n<div class=\"min-h-8 text-message relative flex w-full flex-col items-end gap-2 text-start break-words whitespace-normal [.text-message+&amp;]:mt-1\" dir=\"auto\" data-message-author-role=\"assistant\" data-message-id=\"c2827a0e-a807-49c6-8758-dcafa3bb35b5\" data-message-model-slug=\"gpt-5-2\">\n<div class=\"flex w-full flex-col gap-1 empty:hidden first:pt-[1px]\">\n<div class=\"markdown prose dark:prose-invert w-full break-words light markdown-new-styling\">\n<p data-start=\"87\" data-end=\"263\"><strong data-start=\"87\" data-end=\"134\">PalermoCityGuides \u2013 Maril\u00f9, Gino und Silvia<\/strong><br data-start=\"134\" data-end=\"137\" \/>Wir nehmen euch mit auf gef\u00fchrte Touren durch Palermo und Umgebung \u2013 nachhaltig, verantwortungsvoll und mit viel Leidenschaft.<\/p>\n<p data-start=\"265\" data-end=\"423\">Unser Ziel ist es, Erlebnisse zu schaffen, die die Umwelt respektieren, die lokale Kultur in den Mittelpunkt stellen und kleine, lokale Betriebe unterst\u00fctzen.<\/p>\n<p data-start=\"425\" data-end=\"492\"><strong data-start=\"425\" data-end=\"459\">Was uns besonders wichtig ist:<\/strong><br data-start=\"459\" data-end=\"462\" \/>echte Emotionen zu vermitteln.<\/p>\n<p data-start=\"494\" data-end=\"698\">Auf unseren Touren entdeckt ihr Palermo als eine Stadt mit einer jahrtausendealten Geschichte. Viele verschiedene Kulturen haben Palermo gepr\u00e4gt \u2013 genau das macht die Stadt so vielf\u00e4ltig und \u00fcberraschend.<\/p>\n<p data-start=\"700\" data-end=\"904\">Bei unseren nachhaltigen Stadtf\u00fchrungen begegnet ihr antiken Spuren, moderner Street Art, religi\u00f6sen Traditionen, s\u00fc\u00dfen Spezialit\u00e4ten und Street Food, lebendigen historischen M\u00e4rkten und lokalem Handwerk.<\/p>\n<p data-start=\"906\" data-end=\"974\">Mit uns lernt ihr den kulturellen Reichtum Palermos wirklich kennen.<\/p>\n<p data-start=\"976\" data-end=\"1316\"><strong data-start=\"976\" data-end=\"1030\">Nachhaltige Touren \u2013 Menschen und ihre Geschichten<\/strong><br data-start=\"1030\" data-end=\"1033\" \/>Auf unseren F\u00fchrungen geht es nicht nur um Sehensw\u00fcrdigkeiten. Uns ist es wichtig, euch auch die Menschen vorzustellen, die Palermo jeden Tag lebendig machen. Wir arbeiten eng mit kleinen Produzenten und Handwerkern vor Ort zusammen \u2013 immer mit Respekt f\u00fcr die Stadt und ihre Umwelt.<\/p>\n<p data-start=\"1318\" data-end=\"1462\">Entdeckt unsere nachhaltigen Touren in Palermo \u2013 perfekt f\u00fcr alle, die Kultur, Authentizit\u00e4t und einen bewussten Umgang mit der Umwelt sch\u00e4tzen.<\/p>\n<p data-start=\"1464\" data-end=\"1597\">Gerne stellen wir auch individuelle Touren f\u00fcr euch zusammen, ganz nach euren Interessen und Bed\u00fcrfnissen. Dabei ber\u00fccksichtigen wir:<\/p>\n<p data-start=\"1599\" data-end=\"1795\">\u2022 eure pers\u00f6nlichen W\u00fcnsche<br data-start=\"1626\" data-end=\"1629\" \/>\u2022 die Gr\u00f6\u00dfe und Bed\u00fcrfnisse eurer Gruppe<br data-start=\"1669\" data-end=\"1672\" \/>\u2022 eure verf\u00fcgbare Zeit<br data-start=\"1694\" data-end=\"1697\" \/>\u2022 Lust auf Spazierg\u00e4nge an der frischen Luft<br data-start=\"1741\" data-end=\"1744\" \/>\u2022 Orte und Themen, die euch besonders interessieren<\/p>\n<p data-start=\"1797\" data-end=\"1892\" data-is-last-node=\"\" data-is-only-node=\"\">Schreibt uns einfach eine E-Mail oder ruft uns an:<br data-start=\"1847\" data-end=\"1850\" \/><a class=\"decorated-link\" href=\"https:\/\/www.palermocityguides.com\/de\/palermocityguides-kontakt\/\" target=\"_new\" rel=\"noopener\" data-start=\"1850\" data-end=\"1892\" data-is-last-node=\"\">https:\/\/palermocityguides.com\/de\/Kontakt\/<\/a><\/p>\n<\/div>\n<\/div>\n<\/div>\n<\/div>\n<div class=\"mt-3 w-full empty:hidden\">\u00a0<\/div>\n<\/div>\n<\/div>\n<\/article>\n<\/div>\n<\/div>\n<div id=\"thread-bottom-container\" class=\"sticky bottom-0 group\/thread-bottom-container relative isolate z-10 w-full basis-auto has-data-has-thread-error:pt-2 has-data-has-thread-error:[box-shadow:var(--sharp-edge-bottom-shadow)] md:border-transparent md:pt-0 dark:border-white\/20 md:dark:border-transparent print:hidden content-fade single-line flex flex-col\">\n<div id=\"thread-bottom\">\n<div class=\"text-base mx-auto [--thread-content-margin:--spacing(4)] @w-sm\/main:[--thread-content-margin:--spacing(6)] @w-lg\/main:[--thread-content-margin:--spacing(16)] px-(--thread-content-margin)\">\n<div class=\"[--thread-content-max-width:40rem] @w-lg\/main:[--thread-content-max-width:48rem] mx-auto max-w-(--thread-content-max-width) flex-1 mb-4\">\n<div class=\"pointer-events-auto relative z-1 flex h-(--composer-container-height,100%) max-w-full flex-(--composer-container-flex,1) flex-col\">\u00a0<\/div>\n<\/div>\n<\/div>\n<\/div>\n<\/div>\n\n\n<p><\/p>\n","protected":false},"excerpt":{"rendered":"<p>PalermoCityGuides \u2013 Maril\u00f9, Gino und SilviaWir nehmen euch mit auf gef\u00fchrte Touren durch Palermo und Umgebung \u2013 nachhaltig, verantwortungsvoll und mit viel Leidenschaft. Unser Ziel ist es, Erlebnisse zu schaffen, die die Umwelt respektieren, die lokale Kultur in den Mittelpunkt stellen und kleine, lokale Betriebe unterst\u00fctzen. Was uns besonders wichtig ist:echte Emotionen zu vermitteln. Auf [&hellip;]<\/p>\n","protected":false},"author":2,"featured_media":1507,"parent":0,"menu_order":1,"comment_status":"closed","ping_status":"closed","template":"chi-siamo.php","meta":{"_acf_changed":false,"footnotes":""},"class_list":["post-111","page","type-page","status-publish","has-post-thumbnail","hentry"],"acf":[],"yoast_head":"<!-- This site is optimized with the Yoast SEO plugin v27.4 - https:\/\/yoast.com\/product\/yoast-seo-wordpress\/ -->\n<title>\u00dcber uns - Palermo City Guides -<\/title>\n<meta name=\"description\" content=\"Guide turistiche abilitate Palermo visite guidate secondo i principi del turismo sostenibile e responsabile rispettose della comunit\u00e0 locale e dell&#039;ambiente\" \/>\n<meta name=\"robots\" content=\"index, follow, max-snippet:-1, max-image-preview:large, max-video-preview:-1\" \/>\n<link rel=\"canonical\" href=\"https:\/\/www.palermocityguides.com\/de\/ueber-uns\/\" \/>\n<meta property=\"og:locale\" content=\"de_DE\" \/>\n<meta property=\"og:type\" content=\"article\" \/>\n<meta property=\"og:title\" content=\"\u00dcber uns - Palermo City Guides -\" \/>\n<meta property=\"og:description\" content=\"Guide turistiche abilitate Palermo visite guidate secondo i principi del turismo sostenibile e responsabile rispettose della comunit\u00e0 locale e dell&#039;ambiente\" \/>\n<meta property=\"og:url\" content=\"https:\/\/www.palermocityguides.com\/de\/ueber-uns\/\" \/>\n<meta property=\"og:site_name\" content=\"Palermo City Guides\" \/>\n<meta property=\"article:modified_time\" content=\"2025-12-15T13:49:11+00:00\" \/>\n<meta property=\"og:image\" content=\"https:\/\/storage1045.cdn-immedia.net\/wp-content\/uploads\/2017\/12\/noi-2-2.jpg\" \/>\n\t<meta property=\"og:image:width\" content=\"1024\" \/>\n\t<meta property=\"og:image:height\" content=\"768\" \/>\n\t<meta property=\"og:image:type\" content=\"image\/jpeg\" \/>\n<meta name=\"twitter:card\" content=\"summary_large_image\" \/>\n<meta name=\"twitter:label1\" content=\"Gesch\u00e4tzte Lesezeit\" \/>\n\t<meta name=\"twitter:data1\" content=\"2\u00a0Minuten\" \/>\n<script type=\"application\/ld+json\" class=\"yoast-schema-graph\">{\"@context\":\"https:\\\/\\\/schema.org\",\"@graph\":[{\"@type\":\"WebPage\",\"@id\":\"https:\\\/\\\/www.palermocityguides.com\\\/de\\\/ueber-uns\\\/\",\"url\":\"https:\\\/\\\/www.palermocityguides.com\\\/de\\\/ueber-uns\\\/\",\"name\":\"\u00dcber uns - Palermo City Guides -\",\"isPartOf\":{\"@id\":\"https:\\\/\\\/www.palermocityguides.com\\\/it\\\/#website\"},\"primaryImageOfPage\":{\"@id\":\"https:\\\/\\\/www.palermocityguides.com\\\/de\\\/ueber-uns\\\/#primaryimage\"},\"image\":{\"@id\":\"https:\\\/\\\/www.palermocityguides.com\\\/de\\\/ueber-uns\\\/#primaryimage\"},\"thumbnailUrl\":\"https:\\\/\\\/www.palermocityguides.com\\\/wp-content\\\/uploads\\\/2017\\\/12\\\/noi-2-2.jpg\",\"datePublished\":\"2017-10-23T10:02:04+00:00\",\"dateModified\":\"2025-12-15T13:49:11+00:00\",\"description\":\"Guide turistiche abilitate Palermo visite guidate secondo i principi del turismo sostenibile e responsabile rispettose della comunit\u00e0 locale e dell'ambiente\",\"breadcrumb\":{\"@id\":\"https:\\\/\\\/www.palermocityguides.com\\\/de\\\/ueber-uns\\\/#breadcrumb\"},\"inLanguage\":\"de\",\"potentialAction\":[{\"@type\":\"ReadAction\",\"target\":[\"https:\\\/\\\/www.palermocityguides.com\\\/de\\\/ueber-uns\\\/\"]}]},{\"@type\":\"ImageObject\",\"inLanguage\":\"de\",\"@id\":\"https:\\\/\\\/www.palermocityguides.com\\\/de\\\/ueber-uns\\\/#primaryimage\",\"url\":\"https:\\\/\\\/www.palermocityguides.com\\\/wp-content\\\/uploads\\\/2017\\\/12\\\/noi-2-2.jpg\",\"contentUrl\":\"https:\\\/\\\/www.palermocityguides.com\\\/wp-content\\\/uploads\\\/2017\\\/12\\\/noi-2-2.jpg\",\"width\":4032,\"height\":3024},{\"@type\":\"BreadcrumbList\",\"@id\":\"https:\\\/\\\/www.palermocityguides.com\\\/de\\\/ueber-uns\\\/#breadcrumb\",\"itemListElement\":[{\"@type\":\"ListItem\",\"position\":1,\"name\":\"Home\",\"item\":\"https:\\\/\\\/www.palermocityguides.com\\\/de\\\/\"},{\"@type\":\"ListItem\",\"position\":2,\"name\":\"\u00dcber uns\"}]},{\"@type\":\"WebSite\",\"@id\":\"https:\\\/\\\/www.palermocityguides.com\\\/it\\\/#website\",\"url\":\"https:\\\/\\\/www.palermocityguides.com\\\/it\\\/\",\"name\":\"Palermo City Guides\",\"description\":\"Palermo City Guides\",\"publisher\":{\"@id\":\"https:\\\/\\\/www.palermocityguides.com\\\/it\\\/#organization\"},\"potentialAction\":[{\"@type\":\"SearchAction\",\"target\":{\"@type\":\"EntryPoint\",\"urlTemplate\":\"https:\\\/\\\/www.palermocityguides.com\\\/it\\\/?s={search_term_string}\"},\"query-input\":{\"@type\":\"PropertyValueSpecification\",\"valueRequired\":true,\"valueName\":\"search_term_string\"}}],\"inLanguage\":\"de\"},{\"@type\":\"Organization\",\"@id\":\"https:\\\/\\\/www.palermocityguides.com\\\/it\\\/#organization\",\"name\":\"Palermo City Guides\",\"url\":\"https:\\\/\\\/www.palermocityguides.com\\\/it\\\/\",\"logo\":{\"@type\":\"ImageObject\",\"inLanguage\":\"de\",\"@id\":\"https:\\\/\\\/www.palermocityguides.com\\\/it\\\/#\\\/schema\\\/logo\\\/image\\\/\",\"url\":\"https:\\\/\\\/www.palermocityguides.com\\\/wp-content\\\/uploads\\\/2018\\\/01\\\/logo-palermo-city-guides.png\",\"contentUrl\":\"https:\\\/\\\/www.palermocityguides.com\\\/wp-content\\\/uploads\\\/2018\\\/01\\\/logo-palermo-city-guides.png\",\"width\":562,\"height\":213,\"caption\":\"Palermo City Guides\"},\"image\":{\"@id\":\"https:\\\/\\\/www.palermocityguides.com\\\/it\\\/#\\\/schema\\\/logo\\\/image\\\/\"}}]}<\/script>\n<!-- \/ Yoast SEO plugin. -->","yoast_head_json":{"title":"\u00dcber uns - Palermo City Guides -","description":"Guide turistiche abilitate Palermo visite guidate secondo i principi del turismo sostenibile e responsabile rispettose della comunit\u00e0 locale e dell'ambiente","robots":{"index":"index","follow":"follow","max-snippet":"max-snippet:-1","max-image-preview":"max-image-preview:large","max-video-preview":"max-video-preview:-1"},"canonical":"https:\/\/www.palermocityguides.com\/de\/ueber-uns\/","og_locale":"de_DE","og_type":"article","og_title":"\u00dcber uns - Palermo City Guides -","og_description":"Guide turistiche abilitate Palermo visite guidate secondo i principi del turismo sostenibile e responsabile rispettose della comunit\u00e0 locale e dell'ambiente","og_url":"https:\/\/www.palermocityguides.com\/de\/ueber-uns\/","og_site_name":"Palermo City Guides","article_modified_time":"2025-12-15T13:49:11+00:00","og_image":[{"url":"https:\/\/storage1045.cdn-immedia.net\/wp-content\/uploads\/2017\/12\/noi-2-2.jpg","width":1024,"height":768,"type":"image\/jpeg"}],"twitter_card":"summary_large_image","twitter_misc":{"Gesch\u00e4tzte Lesezeit":"2\u00a0Minuten"},"schema":{"@context":"https:\/\/schema.org","@graph":[{"@type":"WebPage","@id":"https:\/\/www.palermocityguides.com\/de\/ueber-uns\/","url":"https:\/\/www.palermocityguides.com\/de\/ueber-uns\/","name":"\u00dcber uns - Palermo City Guides -","isPartOf":{"@id":"https:\/\/www.palermocityguides.com\/it\/#website"},"primaryImageOfPage":{"@id":"https:\/\/www.palermocityguides.com\/de\/ueber-uns\/#primaryimage"},"image":{"@id":"https:\/\/www.palermocityguides.com\/de\/ueber-uns\/#primaryimage"},"thumbnailUrl":"https:\/\/storage1045.cdn-immedia.net\/wp-content\/uploads\/2017\/12\/noi-2-2.jpg","datePublished":"2017-10-23T10:02:04+00:00","dateModified":"2025-12-15T13:49:11+00:00","description":"Guide turistiche abilitate Palermo visite guidate secondo i principi del turismo sostenibile e responsabile rispettose della comunit\u00e0 locale e dell'ambiente","breadcrumb":{"@id":"https:\/\/www.palermocityguides.com\/de\/ueber-uns\/#breadcrumb"},"inLanguage":"de","potentialAction":[{"@type":"ReadAction","target":["https:\/\/www.palermocityguides.com\/de\/ueber-uns\/"]}]},{"@type":"ImageObject","inLanguage":"de","@id":"https:\/\/www.palermocityguides.com\/de\/ueber-uns\/#primaryimage","url":"https:\/\/storage1045.cdn-immedia.net\/wp-content\/uploads\/2017\/12\/noi-2-2.jpg","contentUrl":"https:\/\/storage1045.cdn-immedia.net\/wp-content\/uploads\/2017\/12\/noi-2-2.jpg","width":4032,"height":3024},{"@type":"BreadcrumbList","@id":"https:\/\/www.palermocityguides.com\/de\/ueber-uns\/#breadcrumb","itemListElement":[{"@type":"ListItem","position":1,"name":"Home","item":"https:\/\/www.palermocityguides.com\/de\/"},{"@type":"ListItem","position":2,"name":"\u00dcber uns"}]},{"@type":"WebSite","@id":"https:\/\/www.palermocityguides.com\/it\/#website","url":"https:\/\/www.palermocityguides.com\/it\/","name":"Palermo City Guides","description":"Palermo City Guides","publisher":{"@id":"https:\/\/www.palermocityguides.com\/it\/#organization"},"potentialAction":[{"@type":"SearchAction","target":{"@type":"EntryPoint","urlTemplate":"https:\/\/www.palermocityguides.com\/it\/?s={search_term_string}"},"query-input":{"@type":"PropertyValueSpecification","valueRequired":true,"valueName":"search_term_string"}}],"inLanguage":"de"},{"@type":"Organization","@id":"https:\/\/www.palermocityguides.com\/it\/#organization","name":"Palermo City Guides","url":"https:\/\/www.palermocityguides.com\/it\/","logo":{"@type":"ImageObject","inLanguage":"de","@id":"https:\/\/www.palermocityguides.com\/it\/#\/schema\/logo\/image\/","url":"https:\/\/storage1045.cdn-immedia.net\/wp-content\/uploads\/2018\/01\/logo-palermo-city-guides.png","contentUrl":"https:\/\/storage1045.cdn-immedia.net\/wp-content\/uploads\/2018\/01\/logo-palermo-city-guides.png","width":562,"height":213,"caption":"Palermo City Guides"},"image":{"@id":"https:\/\/www.palermocityguides.com\/it\/#\/schema\/logo\/image\/"}}]}},"_links":{"self":[{"href":"https:\/\/www.palermocityguides.com\/de\/wp-json\/wp\/v2\/pages\/111","targetHints":{"allow":["GET"]}}],"collection":[{"href":"https:\/\/www.palermocityguides.com\/de\/wp-json\/wp\/v2\/pages"}],"about":[{"href":"https:\/\/www.palermocityguides.com\/de\/wp-json\/wp\/v2\/types\/page"}],"author":[{"embeddable":true,"href":"https:\/\/www.palermocityguides.com\/de\/wp-json\/wp\/v2\/users\/2"}],"replies":[{"embeddable":true,"href":"https:\/\/www.palermocityguides.com\/de\/wp-json\/wp\/v2\/comments?post=111"}],"version-history":[{"count":1,"href":"https:\/\/www.palermocityguides.com\/de\/wp-json\/wp\/v2\/pages\/111\/revisions"}],"predecessor-version":[{"id":3258,"href":"https:\/\/www.palermocityguides.com\/de\/wp-json\/wp\/v2\/pages\/111\/revisions\/3258"}],"wp:featuredmedia":[{"embeddable":true,"href":"https:\/\/www.palermocityguides.com\/de\/wp-json\/wp\/v2\/media\/1507"}],"wp:attachment":[{"href":"https:\/\/www.palermocityguides.com\/de\/wp-json\/wp\/v2\/media?parent=111"}],"curies":[{"name":"wp","href":"https:\/\/api.w.org\/{rel}","templated":true}]}}